{"id":1733,"date":"2020-06-11T13:37:32","date_gmt":"2020-06-11T13:37:32","guid":{"rendered":"https:\/\/develop.nucleo-lc.org\/?page_id=1733"},"modified":"2021-06-01T22:30:39","modified_gmt":"2021-06-01T22:30:39","slug":"lo-impredecible","status":"publish","type":"page","link":"https:\/\/develop.nucleo-lc.org\/en\/lo-impredecible\/","title":{"rendered":"LO IMPREDECIBLE"},"content":{"rendered":"<div class=\"wpb-content-wrapper\"><section class=\"l-section wpb_row us_custom_445b4a37 height_medium width_full centrar\"><div class=\"l-section-h i-cf\"><div class=\"g-cols vc_row type_default valign_top\"><div class=\"vc_col-sm-12 wpb_column vc_column_container\"><div class=\"vc_column-inner us_custom_6e59d6f4\"><div class=\"wpb_wrapper\"><section class=\"l-section wpb_row us_custom_821ea863 height_medium width_full centrar\"><div class=\"l-section-h i-cf\"><div class=\"g-cols vc_row type_default valign_top\"><div class=\"vc_col-sm-12 wpb_column vc_column_container\"><div class=\"vc_column-inner us_custom_6e59d6f4\"><div class=\"wpb_wrapper\"><p class=\"w-post-elm post_title us_custom_3516b961 entry-title has_text_color\" itemprop=\"headline\">LO IMPREDECIBLE<\/p><\/div><\/div><\/div><\/div><\/div><\/section>\n<\/div><\/div><\/div><\/div><\/div><\/section><section class=\"l-section wpb_row us_custom_1629c3a5 height_medium width_full centrar\"><div class=\"l-section-h i-cf\"><div class=\"g-cols vc_row type_default valign_top\"><div class=\"vc_col-sm-12 wpb_column vc_column_container\"><div class=\"vc_column-inner us_custom_6e59d6f4\"><div class=\"wpb_wrapper\"><div class=\"w-separator size_medium\"><\/div><div class=\"wpb_text_column us_custom_19143edb\"><div class=\"wpb_wrapper\"><p><span lang=\"ES-TRAD\">\u00bfC\u00f3mo se enfrentan los arquitectos con lo impredecible? y \u00bfcu\u00e1les son las posibilidades que tiene la arquitectura de proponer espacios de libertad en un mundo obsesionado por simular, anticipar y predecir circunstancias futuras?<\/span><\/p>\n<p><span lang=\"ES-TRAD\">LO IMPREDECIBLE es una investigaci\u00f3n ampliada que incluye proyectos de arquitectura, textos, talleres, videos y registros fotogr\u00e1ficos. Se enfoca en dos \u00e1mbitos: en las posibilidades de dise\u00f1o que surgen al incorporar escenarios futuros imposibles de predeterminar y en la representaci\u00f3n de la arquitectura como un proceso fuera del control del arquitecto.<\/span><\/p>\n<\/div><\/div><div class=\"w-separator size_medium\"><\/div><\/div><\/div><\/div><\/div><\/div><\/section><section class=\"l-section wpb_row us_custom_e5f9337f height_medium width_full centrar\"><div class=\"l-section-h i-cf\"><div class=\"g-cols vc_row type_default valign_top\"><div class=\"vc_col-sm-12 wpb_column vc_column_container\"><div class=\"vc_column-inner us_custom_6e59d6f4\"><div class=\"wpb_wrapper\"><section class=\"l-section wpb_row us_custom_821ea863 height_medium width_full centrar\" id=\"articulos\"><div class=\"l-section-h i-cf\"><div class=\"g-cols vc_row type_default valign_top\"><div class=\"vc_col-sm-12 wpb_column vc_column_container\"><div class=\"vc_column-inner us_custom_6e59d6f4\"><div class=\"wpb_wrapper\"><div class=\"wpb_text_column us_custom_3516b961 has_text_color\"><div class=\"wpb_wrapper\"><p>ART\u00cdCULOS<\/p>\n<\/div><\/div><\/div><\/div><\/div><\/div><\/div><\/section>\n<\/div><\/div><\/div><\/div><\/div><\/section><section class=\"l-section wpb_row us_custom_2560697b height_medium width_full\"><div class=\"l-section-h i-cf\"><div class=\"g-cols vc_row type_default valign_top\"><div class=\"vc_col-sm-1\/5 wpb_column vc_column_container\"><div class=\"vc_column-inner\"><div class=\"wpb_wrapper\"><div class=\"w-text us_custom_d5b68db7 has_text_color\"><a class=\"w-text-h\" href=\"https:\/\/www.researchgate.net\/publication\/333151804_Lo_impredecible_y_la_casa_BC\" target=\"_blank\" rel=\"noopener\"><span class=\"w-text-value\">\u00abLo impredecible y la casa BC\u00bb \u2014 Rodrigo Valenzuela Jerez en Revista ARQ<\/span><\/a><\/div><\/div><\/div><\/div><div class=\"vc_col-sm-1\/5 wpb_column vc_column_container\"><div class=\"vc_column-inner\"><div class=\"wpb_wrapper\"><\/div><\/div><\/div><div class=\"vc_col-sm-1\/5 wpb_column vc_column_container\"><div class=\"vc_column-inner\"><div class=\"wpb_wrapper\"><\/div><\/div><\/div><div class=\"vc_col-sm-1\/5 wpb_column vc_column_container\"><div class=\"vc_column-inner\"><div class=\"wpb_wrapper\"><\/div><\/div><\/div><div class=\"vc_col-sm-1\/5 wpb_column vc_column_container\"><div class=\"vc_column-inner\"><div class=\"wpb_wrapper\"><\/div><\/div><\/div><\/div><\/div><\/section>\n<\/div>","protected":false},"excerpt":{"rendered":"LO IMPREDECIBLE \u00bfC\u00f3mo se enfrentan los arquitectos con lo impredecible? y \u00bfcu\u00e1les son las posibilidades que tiene la arquitectura de proponer espacios de libertad en un mundo obsesionado por simular, anticipar y predecir circunstancias futuras? LO IMPREDECIBLE es una investigaci\u00f3n ampliada que incluye proyectos de arquitectura, textos, talleres, videos y registros fotogr\u00e1ficos. Se enfoca en...","protected":false},"author":4,"featured_media":0,"parent":0,"menu_order":0,"comment_status":"closed","ping_status":"closed","template":"","meta":{"footnotes":""},"class_list":["post-1733","page","type-page","status-publish","hentry"],"yoast_head":"<!-- This site is optimized with the Yoast SEO plugin v26.9 - https:\/\/yoast.com\/product\/yoast-seo-wordpress\/ -->\n<title>LO IMPREDECIBLE - NLC<\/title>\n<meta name=\"robots\" content=\"index, follow, max-snippet:-1, max-image-preview:large, max-video-preview:-1\" \/>\n<link rel=\"canonical\" href=\"https:\/\/develop.nucleo-lc.org\/en\/lo-impredecible\/\" \/>\n<meta property=\"og:locale\" content=\"en_US\" \/>\n<meta property=\"og:type\" content=\"article\" \/>\n<meta property=\"og:title\" content=\"LO IMPREDECIBLE - NLC\" \/>\n<meta property=\"og:url\" content=\"https:\/\/develop.nucleo-lc.org\/en\/lo-impredecible\/\" \/>\n<meta property=\"og:site_name\" content=\"NLC\" \/>\n<meta property=\"article:modified_time\" content=\"2021-06-01T22:30:39+00:00\" \/>\n<meta name=\"twitter:card\" content=\"summary_large_image\" \/>\n<meta name=\"twitter:label1\" content=\"Est. reading time\" \/>\n\t<meta name=\"twitter:data1\" content=\"4 minutes\" \/>\n<script type=\"application\/ld+json\" class=\"yoast-schema-graph\">{\"@context\":\"https:\/\/schema.org\",\"@graph\":[{\"@type\":\"WebPage\",\"@id\":\"https:\/\/develop.nucleo-lc.org\/lo-impredecible\/\",\"url\":\"https:\/\/develop.nucleo-lc.org\/lo-impredecible\/\",\"name\":\"LO IMPREDECIBLE - NLC\",\"isPartOf\":{\"@id\":\"https:\/\/develop.nucleo-lc.org\/#website\"},\"datePublished\":\"2020-06-11T13:37:32+00:00\",\"dateModified\":\"2021-06-01T22:30:39+00:00\",\"breadcrumb\":{\"@id\":\"https:\/\/develop.nucleo-lc.org\/lo-impredecible\/#breadcrumb\"},\"inLanguage\":\"en-US\",\"potentialAction\":[{\"@type\":\"ReadAction\",\"target\":[\"https:\/\/develop.nucleo-lc.org\/lo-impredecible\/\"]}]},{\"@type\":\"BreadcrumbList\",\"@id\":\"https:\/\/develop.nucleo-lc.org\/lo-impredecible\/#breadcrumb\",\"itemListElement\":[{\"@type\":\"ListItem\",\"position\":1,\"name\":\"Portada\",\"item\":\"https:\/\/develop.nucleo-lc.org\/\"},{\"@type\":\"ListItem\",\"position\":2,\"name\":\"LO IMPREDECIBLE\"}]},{\"@type\":\"WebSite\",\"@id\":\"https:\/\/develop.nucleo-lc.org\/#website\",\"url\":\"https:\/\/develop.nucleo-lc.org\/\",\"name\":\"NLC\",\"description\":\"N\u00daCLEO LENGUAJE CREACI\u00d3N\",\"potentialAction\":[{\"@type\":\"SearchAction\",\"target\":{\"@type\":\"EntryPoint\",\"urlTemplate\":\"https:\/\/develop.nucleo-lc.org\/?s={search_term_string}\"},\"query-input\":{\"@type\":\"PropertyValueSpecification\",\"valueRequired\":true,\"valueName\":\"search_term_string\"}}],\"inLanguage\":\"en-US\"}]}<\/script>\n<!-- \/ Yoast SEO plugin. -->","yoast_head_json":{"title":"LO IMPREDECIBLE - NLC","robots":{"index":"index","follow":"follow","max-snippet":"max-snippet:-1","max-image-preview":"max-image-preview:large","max-video-preview":"max-video-preview:-1"},"canonical":"https:\/\/develop.nucleo-lc.org\/en\/lo-impredecible\/","og_locale":"en_US","og_type":"article","og_title":"LO IMPREDECIBLE - NLC","og_url":"https:\/\/develop.nucleo-lc.org\/en\/lo-impredecible\/","og_site_name":"NLC","article_modified_time":"2021-06-01T22:30:39+00:00","twitter_card":"summary_large_image","twitter_misc":{"Est. reading time":"4 minutes"},"schema":{"@context":"https:\/\/schema.org","@graph":[{"@type":"WebPage","@id":"https:\/\/develop.nucleo-lc.org\/lo-impredecible\/","url":"https:\/\/develop.nucleo-lc.org\/lo-impredecible\/","name":"LO IMPREDECIBLE - NLC","isPartOf":{"@id":"https:\/\/develop.nucleo-lc.org\/#website"},"datePublished":"2020-06-11T13:37:32+00:00","dateModified":"2021-06-01T22:30:39+00:00","breadcrumb":{"@id":"https:\/\/develop.nucleo-lc.org\/lo-impredecible\/#breadcrumb"},"inLanguage":"en-US","potentialAction":[{"@type":"ReadAction","target":["https:\/\/develop.nucleo-lc.org\/lo-impredecible\/"]}]},{"@type":"BreadcrumbList","@id":"https:\/\/develop.nucleo-lc.org\/lo-impredecible\/#breadcrumb","itemListElement":[{"@type":"ListItem","position":1,"name":"Portada","item":"https:\/\/develop.nucleo-lc.org\/"},{"@type":"ListItem","position":2,"name":"LO IMPREDECIBLE"}]},{"@type":"WebSite","@id":"https:\/\/develop.nucleo-lc.org\/#website","url":"https:\/\/develop.nucleo-lc.org\/","name":"NLC","description":"N\u00daCLEO LENGUAJE CREACI\u00d3N","potentialAction":[{"@type":"SearchAction","target":{"@type":"EntryPoint","urlTemplate":"https:\/\/develop.nucleo-lc.org\/?s={search_term_string}"},"query-input":{"@type":"PropertyValueSpecification","valueRequired":true,"valueName":"search_term_string"}}],"inLanguage":"en-US"}]}},"_links":{"self":[{"href":"https:\/\/develop.nucleo-lc.org\/en\/wp-json\/wp\/v2\/pages\/1733","targetHints":{"allow":["GET"]}}],"collection":[{"href":"https:\/\/develop.nucleo-lc.org\/en\/wp-json\/wp\/v2\/pages"}],"about":[{"href":"https:\/\/develop.nucleo-lc.org\/en\/wp-json\/wp\/v2\/types\/page"}],"author":[{"embeddable":true,"href":"https:\/\/develop.nucleo-lc.org\/en\/wp-json\/wp\/v2\/users\/4"}],"replies":[{"embeddable":true,"href":"https:\/\/develop.nucleo-lc.org\/en\/wp-json\/wp\/v2\/comments?post=1733"}],"version-history":[{"count":18,"href":"https:\/\/develop.nucleo-lc.org\/en\/wp-json\/wp\/v2\/pages\/1733\/revisions"}],"predecessor-version":[{"id":2479,"href":"https:\/\/develop.nucleo-lc.org\/en\/wp-json\/wp\/v2\/pages\/1733\/revisions\/2479"}],"wp:attachment":[{"href":"https:\/\/develop.nucleo-lc.org\/en\/wp-json\/wp\/v2\/media?parent=1733"}],"curies":[{"name":"wp","href":"https:\/\/api.w.org\/{rel}","templated":true}]}}