{"id":1745,"date":"2020-06-11T13:40:57","date_gmt":"2020-06-11T13:40:57","guid":{"rendered":"https:\/\/develop.nucleo-lc.org\/?page_id=1745"},"modified":"2020-07-07T14:11:30","modified_gmt":"2020-07-07T14:11:30","slug":"cartografia-voces-ciudadanas","status":"publish","type":"page","link":"https:\/\/develop.nucleo-lc.org\/en\/cartografia-voces-ciudadanas\/","title":{"rendered":"CARTOGRAF\u00cdA VOCES CIUDADANAS"},"content":{"rendered":"<div class=\"wpb-content-wrapper\"><section class=\"l-section wpb_row us_custom_445b4a37 height_medium width_full centrar\"><div class=\"l-section-h i-cf\"><div class=\"g-cols vc_row type_default valign_top\"><div class=\"vc_col-sm-12 wpb_column vc_column_container\"><div class=\"vc_column-inner us_custom_6e59d6f4\"><div class=\"wpb_wrapper\"><section class=\"l-section wpb_row us_custom_821ea863 height_medium width_full centrar\"><div class=\"l-section-h i-cf\"><div class=\"g-cols vc_row type_default valign_top\"><div class=\"vc_col-sm-12 wpb_column vc_column_container\"><div class=\"vc_column-inner us_custom_6e59d6f4\"><div class=\"wpb_wrapper\"><p class=\"w-post-elm post_title us_custom_3516b961 entry-title has_text_color\" itemprop=\"headline\">CARTOGRAF\u00cdA VOCES CIUDADANAS<\/p><\/div><\/div><\/div><\/div><\/div><\/section>\n<\/div><\/div><\/div><\/div><\/div><\/section><section class=\"l-section wpb_row us_custom_1629c3a5 height_medium width_full centrar\"><div class=\"l-section-h i-cf\"><div class=\"g-cols vc_row type_default valign_top\"><div class=\"vc_col-sm-12 wpb_column vc_column_container\"><div class=\"vc_column-inner us_custom_6e59d6f4\"><div class=\"wpb_wrapper\"><div class=\"w-separator size_medium\"><\/div><div class=\"wpb_text_column us_custom_19143edb\"><div class=\"wpb_wrapper\"><p>\u00bfC\u00f3mo preservar la existencia de las expresiones gr\u00e1ficas de las voces ciudadanas, surgidas en el contexto del estallido social en Chile, entendiendo que estas manifestaciones constituyen el soporte material y visual de los m\u00faltiples discursos, demandas y reivindicaciones, sociales y pol\u00edticas, que lo caracterizaron?<\/p>\n<p>CARTOGRAF\u00cdA DE LAS VOCES CIUDADANAS es un archivo recopilatorio virtual de las expresiones gr\u00e1ficas, registradas durante el estallido social, como medio para su almacenamiento, preservaci\u00f3n y difusi\u00f3n.<\/p>\n<\/div><\/div><div class=\"w-separator size_medium\"><\/div><\/div><\/div><\/div><\/div><\/div><\/section><section class=\"l-section wpb_row us_custom_e5f9337f height_medium width_full centrar\"><div class=\"l-section-h i-cf\"><div class=\"g-cols vc_row type_default valign_top\"><div class=\"vc_col-sm-12 wpb_column vc_column_container\"><div class=\"vc_column-inner us_custom_6e59d6f4\"><div class=\"wpb_wrapper\"><section class=\"l-section wpb_row us_custom_821ea863 height_medium width_full centrar\" id=\"investigacion\"><div class=\"l-section-h i-cf\"><div class=\"g-cols vc_row type_default valign_top\"><div class=\"vc_col-sm-12 wpb_column vc_column_container\"><div class=\"vc_column-inner us_custom_6e59d6f4\"><div class=\"wpb_wrapper\"><div class=\"wpb_text_column us_custom_3516b961 has_text_color\"><div class=\"wpb_wrapper\"><p>INVESTIGATION<\/p>\n<\/div><\/div><\/div><\/div><\/div><\/div><\/div><\/section>\n<\/div><\/div><\/div><\/div><\/div><\/section><section class=\"l-section wpb_row us_custom_23624b5f height_medium width_full\"><div class=\"l-section-h i-cf\"><div class=\"g-cols vc_row type_default valign_top\"><div class=\"vc_col-sm-12 wpb_column vc_column_container\"><div class=\"vc_column-inner\"><div class=\"wpb_wrapper\"><div class=\"w-grid type_grid layout_69 cols_5 ratio_1x1\" id=\"us_grid_1\"><style id=\"us_grid_1_css\">#us_grid_1 .w-grid-item{padding:1.5rem}#us_grid_1 .w-grid-list{margin:-1.5rem}.w-grid + #us_grid_1 .w-grid-list{margin-top:1.5rem}@media (max-width:1199px){#us_grid_1 .w-grid-item{width:33.333333333333%}#us_grid_1 .w-grid-item.size_2x1,#us_grid_1 .w-grid-item.size_2x2{width:66.666666666667%}}@media (max-width:899px){#us_grid_1 .w-grid-item{width:50%}#us_grid_1 .w-grid-item.size_2x1,#us_grid_1 .w-grid-item.size_2x2{width:100%}}@media (max-width:599px){#us_grid_1 .w-grid-list{margin:0}#us_grid_1 .w-grid-item{width:100%;padding:0;margin-bottom:1.5rem}}<\/style><style>.layout_69 .w-grid-item-h:before{padding-bottom:100.0000%}@media (min-width:600px){.layout_69 .w-grid-item.size_1x2 .w-grid-item-h:before{padding-bottom:calc(200% + 1.5rem + 1.5rem)}.layout_69 .w-grid-item.size_2x1 .w-grid-item-h:before{padding-bottom:calc(50% - 1.5rem * 1)}.layout_69 .w-grid-item.size_2x2 .w-grid-item-h:before{padding-bottom:calc(100% - 1.5rem * 0)}}.layout_69 .w-grid-item-h{}.layout_69 .usg_post_image_1{transition-duration:0.3s;transform-origin:50% 50%;transform:scale(1) translate(0%,0%)}.layout_69 .w-grid-item-h:hover .usg_post_image_1{transform:scale(1) translate(0%,0%);opacity:1;border-color:#e41c20!important}.layout_69 .usg_post_image_1{margin-bottom:0.5rem!important;border:4px solid rgba(0,0,0,0)!important}.layout_69 .usg_post_title_1{font-size:1rem!important}<\/style><div class=\"w-grid-list\"><article class=\"w-grid-item size_1x1 post-2782 post type-post status-publish format-standard has-post-thumbnail hentry category-investigacion tag-cartografia-voces-ciudadanas\" data-id=\"2782\">\r\n\t<div class=\"w-grid-item-h\">\r\n\t\t\t\t<div class=\"w-post-elm post_image usg_post_image_1 stretched\"><a href=\"https:\/\/develop.nucleo-lc.org\/en\/2020\/07\/08\/cartografia-de-las-voces-ciudadanas-connie-moreira-y-fernando-portal\/\" aria-label=\"Cartograf\u00eda de las Voces Ciudadanas \u2014 Connie Moreira y Fernando Portal\"><img loading=\"lazy\" decoding=\"async\" width=\"600\" height=\"600\" src=\"https:\/\/develop.nucleo-lc.org\/wp-content\/uploads\/2020\/07\/Seleccionada_investigacion.jpg\" class=\"attachment-large size-large wp-post-image\" alt=\"\" srcset=\"https:\/\/develop.nucleo-lc.org\/wp-content\/uploads\/2020\/07\/Seleccionada_investigacion.jpg 600w, https:\/\/develop.nucleo-lc.org\/wp-content\/uploads\/2020\/07\/Seleccionada_investigacion-300x300.jpg 300w, https:\/\/develop.nucleo-lc.org\/wp-content\/uploads\/2020\/07\/Seleccionada_investigacion-150x150.jpg 150w\" sizes=\"auto, (max-width: 600px) 100vw, 600px\" \/><\/a><\/div><h2 class=\"w-post-elm post_title usg_post_title_1 entry-title color_link_inherit\"><a href=\"https:\/\/develop.nucleo-lc.org\/en\/2020\/07\/08\/cartografia-de-las-voces-ciudadanas-connie-moreira-y-fernando-portal\/\">Cartograf\u00eda de las Voces Ciudadanas \u2014 Connie Moreira y Fernando Portal<\/a><\/h2>\t<\/div>\r\n<\/article>\r\n<\/div>\t<div class=\"w-grid-json hidden\" onclick='return {&quot;ajax_url&quot;:&quot;https:\\\/\\\/develop.nucleo-lc.org\\\/wp-admin\\\/admin-ajax.php&quot;,&quot;permalink_url&quot;:&quot;https:\\\/\\\/develop.nucleo-lc.org\\\/en\\\/2020\\\/07\\\/08\\\/cartografia-de-las-voces-ciudadanas-connie-moreira-y-fernando-portal\\\/&quot;,&quot;action&quot;:&quot;us_ajax_grid&quot;,&quot;max_num_pages&quot;:1,&quot;infinite_scroll&quot;:0,&quot;template_vars&quot;:{&quot;query_args&quot;:{&quot;post_type&quot;:[&quot;post&quot;],&quot;tax_query&quot;:[{&quot;taxonomy&quot;:&quot;category&quot;,&quot;field&quot;:&quot;slug&quot;,&quot;terms&quot;:[&quot;investigacion&quot;]},{&quot;taxonomy&quot;:&quot;post_tag&quot;,&quot;field&quot;:&quot;slug&quot;,&quot;terms&quot;:[&quot;cartografia-voces-ciudadanas&quot;]}],&quot;post_status&quot;:[&quot;publish&quot;],&quot;orderby&quot;:{&quot;date&quot;:&quot;DESC&quot;},&quot;posts_per_page&quot;:&quot;10&quot;},&quot;post_id&quot;:1745,&quot;us_grid_index&quot;:1,&quot;us_grid_ajax_index&quot;:1,&quot;exclude_items&quot;:&quot;none&quot;,&quot;items_offset&quot;:&quot;1&quot;,&quot;items_layout&quot;:&quot;69&quot;,&quot;type&quot;:&quot;grid&quot;,&quot;columns&quot;:&quot;5&quot;,&quot;img_size&quot;:&quot;default&quot;,&quot;overriding_link&quot;:&quot;none&quot;}}'><\/div>\r\n<\/div><\/div><\/div><\/div><\/div><\/div><\/section><section class=\"l-section wpb_row us_custom_56953643 height_medium width_full centrar\"><div class=\"l-section-h i-cf\"><div class=\"g-cols vc_row type_default valign_top\"><div class=\"vc_col-sm-12 wpb_column vc_column_container\"><div class=\"vc_column-inner us_custom_6e59d6f4\"><div class=\"wpb_wrapper\"><section class=\"l-section wpb_row us_custom_821ea863 height_medium width_full centrar\" id=\"eventos\"><div class=\"l-section-h i-cf\"><div class=\"g-cols vc_row type_default valign_top\"><div class=\"vc_col-sm-12 wpb_column vc_column_container\"><div class=\"vc_column-inner us_custom_6e59d6f4\"><div class=\"wpb_wrapper\"><div class=\"wpb_text_column us_custom_3516b961 has_text_color\"><div class=\"wpb_wrapper\"><p>EVENTS<\/p>\n<\/div><\/div><\/div><\/div><\/div><\/div><\/div><\/section>\n<\/div><\/div><\/div><\/div><\/div><\/section><section class=\"l-section wpb_row us_custom_f58a0cb9 height_medium width_full\"><div class=\"l-section-h i-cf\"><div class=\"g-cols vc_row type_default valign_top\"><div class=\"vc_col-sm-12 wpb_column vc_column_container\"><div class=\"vc_column-inner\"><div class=\"wpb_wrapper\"><div class=\"w-grid type_grid layout_69 cols_5 ratio_1x1\" id=\"us_grid_2\"><style id=\"us_grid_2_css\">#us_grid_2 .w-grid-item{padding:1.5rem}#us_grid_2 .w-grid-list{margin:-1.5rem}.w-grid + #us_grid_2 .w-grid-list{margin-top:1.5rem}@media (max-width:1199px){#us_grid_2 .w-grid-item{width:33.333333333333%}#us_grid_2 .w-grid-item.size_2x1,#us_grid_2 .w-grid-item.size_2x2{width:66.666666666667%}}@media (max-width:899px){#us_grid_2 .w-grid-item{width:50%}#us_grid_2 .w-grid-item.size_2x1,#us_grid_2 .w-grid-item.size_2x2{width:100%}}@media (max-width:599px){#us_grid_2 .w-grid-list{margin:0}#us_grid_2 .w-grid-item{width:100%;padding:0;margin-bottom:1.5rem}}<\/style><div class=\"w-grid-list\"><article class=\"w-grid-item size_1x1 post-2576 post type-post status-publish format-standard has-post-thumbnail hentry category-eventos tag-cartografia-voces-ciudadanas\" data-id=\"2576\">\r\n\t<div class=\"w-grid-item-h\">\r\n\t\t\t\t<div class=\"w-post-elm post_image usg_post_image_1 stretched\"><a href=\"https:\/\/develop.nucleo-lc.org\/en\/2020\/07\/06\/charla-cvc\/\" aria-label=\"Charla \u00abDESPERTAR. OCTUBRE 2019. CARTELER\u00cdA POL\u00cdTICA Y POPULAR EN CHILE\u00bb\"><img loading=\"lazy\" decoding=\"async\" width=\"1024\" height=\"1024\" src=\"https:\/\/develop.nucleo-lc.org\/wp-content\/uploads\/2020\/07\/Afiche-02-12-2019_2-1024x1024.jpg\" class=\"attachment-large size-large wp-post-image\" alt=\"\" srcset=\"https:\/\/develop.nucleo-lc.org\/wp-content\/uploads\/2020\/07\/Afiche-02-12-2019_2-1024x1024.jpg 1024w, https:\/\/develop.nucleo-lc.org\/wp-content\/uploads\/2020\/07\/Afiche-02-12-2019_2-300x300.jpg 300w, https:\/\/develop.nucleo-lc.org\/wp-content\/uploads\/2020\/07\/Afiche-02-12-2019_2-150x150.jpg 150w, https:\/\/develop.nucleo-lc.org\/wp-content\/uploads\/2020\/07\/Afiche-02-12-2019_2.jpg 1500w\" sizes=\"auto, (max-width: 1024px) 100vw, 1024px\" \/><\/a><\/div><h2 class=\"w-post-elm post_title usg_post_title_1 entry-title color_link_inherit\"><a href=\"https:\/\/develop.nucleo-lc.org\/en\/2020\/07\/06\/charla-cvc\/\">Charla \u00abDESPERTAR. OCTUBRE 2019. CARTELER\u00cdA POL\u00cdTICA Y POPULAR EN CHILE\u00bb<\/a><\/h2>\t<\/div>\r\n<\/article>\r\n<\/div>\t<div class=\"w-grid-json hidden\" onclick='return {&quot;ajax_url&quot;:&quot;https:\\\/\\\/develop.nucleo-lc.org\\\/wp-admin\\\/admin-ajax.php&quot;,&quot;permalink_url&quot;:&quot;https:\\\/\\\/develop.nucleo-lc.org\\\/en\\\/2020\\\/07\\\/06\\\/charla-cvc\\\/&quot;,&quot;action&quot;:&quot;us_ajax_grid&quot;,&quot;max_num_pages&quot;:1,&quot;infinite_scroll&quot;:0,&quot;template_vars&quot;:{&quot;query_args&quot;:{&quot;post_type&quot;:[&quot;post&quot;],&quot;tax_query&quot;:[{&quot;taxonomy&quot;:&quot;category&quot;,&quot;field&quot;:&quot;slug&quot;,&quot;terms&quot;:[&quot;eventos&quot;]},{&quot;taxonomy&quot;:&quot;post_tag&quot;,&quot;field&quot;:&quot;slug&quot;,&quot;terms&quot;:[&quot;cartografia-voces-ciudadanas&quot;]}],&quot;post_status&quot;:[&quot;publish&quot;],&quot;orderby&quot;:{&quot;date&quot;:&quot;DESC&quot;},&quot;posts_per_page&quot;:&quot;10&quot;},&quot;post_id&quot;:2782,&quot;us_grid_index&quot;:2,&quot;us_grid_ajax_index&quot;:1,&quot;exclude_items&quot;:&quot;none&quot;,&quot;items_offset&quot;:&quot;1&quot;,&quot;items_layout&quot;:&quot;69&quot;,&quot;type&quot;:&quot;grid&quot;,&quot;columns&quot;:&quot;5&quot;,&quot;img_size&quot;:&quot;default&quot;,&quot;overriding_link&quot;:&quot;none&quot;}}'><\/div>\r\n<\/div><\/div><\/div><\/div><\/div><\/div><\/section><section class=\"l-section wpb_row us_custom_56953643 height_medium width_full centrar\"><div class=\"l-section-h i-cf\"><div class=\"g-cols vc_row type_default valign_top\"><div class=\"vc_col-sm-12 wpb_column vc_column_container\"><div class=\"vc_column-inner us_custom_6e59d6f4\"><div class=\"wpb_wrapper\"><section class=\"l-section wpb_row us_custom_821ea863 height_medium width_full centrar\" id=\"archivos\"><div class=\"l-section-h i-cf\"><div class=\"g-cols vc_row type_default valign_top\"><div class=\"vc_col-sm-12 wpb_column vc_column_container\"><div class=\"vc_column-inner us_custom_6e59d6f4\"><div class=\"wpb_wrapper\"><div class=\"wpb_text_column us_custom_3516b961 has_text_color\"><div class=\"wpb_wrapper\"><p>RECORDS<\/p>\n<\/div><\/div><\/div><\/div><\/div><\/div><\/div><\/section>\n<\/div><\/div><\/div><\/div><\/div><\/section><section class=\"l-section wpb_row us_custom_f58a0cb9 height_medium width_full\"><div class=\"l-section-h i-cf\"><div class=\"g-cols vc_row type_default valign_top\"><div class=\"vc_col-sm-12 wpb_column vc_column_container\"><div class=\"vc_column-inner\"><div class=\"wpb_wrapper\"><div class=\"w-grid type_grid layout_69 cols_5 ratio_1x1\" id=\"us_grid_3\"><style id=\"us_grid_3_css\">#us_grid_3 .w-grid-item{padding:1.5rem}#us_grid_3 .w-grid-list{margin:-1.5rem}.w-grid + #us_grid_3 .w-grid-list{margin-top:1.5rem}@media (max-width:1199px){#us_grid_3 .w-grid-item{width:33.333333333333%}#us_grid_3 .w-grid-item.size_2x1,#us_grid_3 .w-grid-item.size_2x2{width:66.666666666667%}}@media (max-width:899px){#us_grid_3 .w-grid-item{width:50%}#us_grid_3 .w-grid-item.size_2x1,#us_grid_3 .w-grid-item.size_2x2{width:100%}}@media (max-width:599px){#us_grid_3 .w-grid-list{margin:0}#us_grid_3 .w-grid-item{width:100%;padding:0;margin-bottom:1.5rem}}<\/style><div class=\"w-grid-list\"><article class=\"w-grid-item size_1x1 post-2793 post type-post status-publish format-standard has-post-thumbnail hentry category-archivos tag-cartografia-voces-ciudadanas\" data-id=\"2793\">\r\n\t<div class=\"w-grid-item-h\">\r\n\t\t\t\t<div class=\"w-post-elm post_image usg_post_image_1 stretched\"><a href=\"https:\/\/develop.nucleo-lc.org\/en\/2020\/07\/08\/archivo-linea-temporal\/\" aria-label=\"Archivo \u00abL\u00ednea temporal\u00bb\"><img loading=\"lazy\" decoding=\"async\" width=\"1024\" height=\"1024\" src=\"https:\/\/develop.nucleo-lc.org\/wp-content\/uploads\/2020\/07\/cuadrada-1024x1024.jpg\" class=\"attachment-large size-large wp-post-image\" alt=\"\" srcset=\"https:\/\/develop.nucleo-lc.org\/wp-content\/uploads\/2020\/07\/cuadrada-1024x1024.jpg 1024w, https:\/\/develop.nucleo-lc.org\/wp-content\/uploads\/2020\/07\/cuadrada-300x300.jpg 300w, https:\/\/develop.nucleo-lc.org\/wp-content\/uploads\/2020\/07\/cuadrada-150x150.jpg 150w, https:\/\/develop.nucleo-lc.org\/wp-content\/uploads\/2020\/07\/cuadrada-1536x1536.jpg 1536w, https:\/\/develop.nucleo-lc.org\/wp-content\/uploads\/2020\/07\/cuadrada-2048x2048.jpg 2048w\" sizes=\"auto, (max-width: 1024px) 100vw, 1024px\" \/><\/a><\/div><h2 class=\"w-post-elm post_title usg_post_title_1 entry-title color_link_inherit\"><a href=\"https:\/\/develop.nucleo-lc.org\/en\/2020\/07\/08\/archivo-linea-temporal\/\">Archivo \u00abL\u00ednea temporal\u00bb<\/a><\/h2>\t<\/div>\r\n<\/article>\r\n<article class=\"w-grid-item size_1x1 post-2791 post type-post status-publish format-standard has-post-thumbnail hentry category-archivos tag-cartografia-voces-ciudadanas\" data-id=\"2791\">\r\n\t<div class=\"w-grid-item-h\">\r\n\t\t\t\t<div class=\"w-post-elm post_image usg_post_image_1 stretched\"><a href=\"https:\/\/develop.nucleo-lc.org\/en\/2020\/07\/08\/archivo-reconstruccion-del-paisaje-urbano-2\/\" aria-label=\"Archivo \u00abReconstrucci\u00f3n del paisaje urbano\u00bb\"><img loading=\"lazy\" decoding=\"async\" width=\"1024\" height=\"1024\" src=\"https:\/\/develop.nucleo-lc.org\/wp-content\/uploads\/2020\/07\/cuadrada-1-1024x1024.jpg\" class=\"attachment-large size-large wp-post-image\" alt=\"\" srcset=\"https:\/\/develop.nucleo-lc.org\/wp-content\/uploads\/2020\/07\/cuadrada-1-1024x1024.jpg 1024w, https:\/\/develop.nucleo-lc.org\/wp-content\/uploads\/2020\/07\/cuadrada-1-300x300.jpg 300w, https:\/\/develop.nucleo-lc.org\/wp-content\/uploads\/2020\/07\/cuadrada-1-150x150.jpg 150w, https:\/\/develop.nucleo-lc.org\/wp-content\/uploads\/2020\/07\/cuadrada-1-1536x1536.jpg 1536w, https:\/\/develop.nucleo-lc.org\/wp-content\/uploads\/2020\/07\/cuadrada-1-2048x2048.jpg 2048w\" sizes=\"auto, (max-width: 1024px) 100vw, 1024px\" \/><\/a><\/div><h2 class=\"w-post-elm post_title usg_post_title_1 entry-title color_link_inherit\"><a href=\"https:\/\/develop.nucleo-lc.org\/en\/2020\/07\/08\/archivo-reconstruccion-del-paisaje-urbano-2\/\">Archivo \u00abReconstrucci\u00f3n del paisaje urbano\u00bb<\/a><\/h2>\t<\/div>\r\n<\/article>\r\n<article class=\"w-grid-item size_1x1 post-2786 post type-post status-publish format-standard has-post-thumbnail hentry category-archivos tag-cartografia-voces-ciudadanas\" data-id=\"2786\">\r\n\t<div class=\"w-grid-item-h\">\r\n\t\t\t\t<div class=\"w-post-elm post_image usg_post_image_1 stretched\"><a href=\"https:\/\/develop.nucleo-lc.org\/en\/2020\/07\/08\/archivo-galeria-de-imagenes-2\/\" aria-label=\"Archivo \u00abGaler\u00eda de im\u00e1genes\u00bb\"><img loading=\"lazy\" decoding=\"async\" width=\"600\" height=\"600\" src=\"https:\/\/develop.nucleo-lc.org\/wp-content\/uploads\/2020\/07\/Seleccionada_A01.jpg\" class=\"attachment-large size-large wp-post-image\" alt=\"\" srcset=\"https:\/\/develop.nucleo-lc.org\/wp-content\/uploads\/2020\/07\/Seleccionada_A01.jpg 600w, https:\/\/develop.nucleo-lc.org\/wp-content\/uploads\/2020\/07\/Seleccionada_A01-300x300.jpg 300w, https:\/\/develop.nucleo-lc.org\/wp-content\/uploads\/2020\/07\/Seleccionada_A01-150x150.jpg 150w\" sizes=\"auto, (max-width: 600px) 100vw, 600px\" \/><\/a><\/div><h2 class=\"w-post-elm post_title usg_post_title_1 entry-title color_link_inherit\"><a href=\"https:\/\/develop.nucleo-lc.org\/en\/2020\/07\/08\/archivo-galeria-de-imagenes-2\/\">Archivo \u00abGaler\u00eda de im\u00e1genes\u00bb<\/a><\/h2>\t<\/div>\r\n<\/article>\r\n<\/div>\t<div class=\"w-grid-json hidden\" onclick='return {&quot;ajax_url&quot;:&quot;https:\\\/\\\/develop.nucleo-lc.org\\\/wp-admin\\\/admin-ajax.php&quot;,&quot;permalink_url&quot;:&quot;https:\\\/\\\/develop.nucleo-lc.org\\\/en\\\/2020\\\/07\\\/08\\\/archivo-galeria-de-imagenes-2\\\/&quot;,&quot;action&quot;:&quot;us_ajax_grid&quot;,&quot;max_num_pages&quot;:1,&quot;infinite_scroll&quot;:0,&quot;template_vars&quot;:{&quot;query_args&quot;:{&quot;post_type&quot;:[&quot;post&quot;],&quot;tax_query&quot;:[{&quot;taxonomy&quot;:&quot;category&quot;,&quot;field&quot;:&quot;slug&quot;,&quot;terms&quot;:[&quot;archivos&quot;]},{&quot;taxonomy&quot;:&quot;post_tag&quot;,&quot;field&quot;:&quot;slug&quot;,&quot;terms&quot;:[&quot;cartografia-voces-ciudadanas&quot;]}],&quot;post_status&quot;:[&quot;publish&quot;],&quot;orderby&quot;:{&quot;date&quot;:&quot;DESC&quot;},&quot;posts_per_page&quot;:&quot;10&quot;},&quot;post_id&quot;:2576,&quot;us_grid_index&quot;:3,&quot;us_grid_ajax_index&quot;:1,&quot;exclude_items&quot;:&quot;none&quot;,&quot;items_offset&quot;:&quot;1&quot;,&quot;items_layout&quot;:&quot;69&quot;,&quot;type&quot;:&quot;grid&quot;,&quot;columns&quot;:&quot;5&quot;,&quot;img_size&quot;:&quot;default&quot;,&quot;overriding_link&quot;:&quot;none&quot;}}'><\/div>\r\n<\/div><\/div><\/div><\/div><\/div><\/div><\/section>\n<\/div>","protected":false},"excerpt":{"rendered":"CARTOGRAF\u00cdA VOCES CIUDADANAS Archivo \u00abGaler\u00eda de im\u00e1genes\u00bb Desarrollar este registro tuvo como prop\u00f3sito principal el preservar la existencia de las expresiones gr\u00e1ficas de estas voces ciudadanas, entendiendo que estas manifestaciones constituyen el soporte material y visual de los m\u00faltiples discursos, demandas y reivindicaciones, sociales y pol\u00edticas, que caracterizaron a este movimiento. Enfoc\u00e1ndose en las diversas...","protected":false},"author":4,"featured_media":0,"parent":0,"menu_order":0,"comment_status":"closed","ping_status":"closed","template":"","meta":{"footnotes":""},"class_list":["post-1745","page","type-page","status-publish","hentry"],"yoast_head":"<!-- This site is optimized with the Yoast SEO plugin v26.9 - https:\/\/yoast.com\/product\/yoast-seo-wordpress\/ -->\n<title>CARTOGRAF\u00cdA VOCES CIUDADANAS - NLC<\/title>\n<meta name=\"robots\" content=\"index, follow, max-snippet:-1, max-image-preview:large, max-video-preview:-1\" \/>\n<link rel=\"canonical\" href=\"https:\/\/develop.nucleo-lc.org\/en\/cartografia-voces-ciudadanas\/\" \/>\n<meta property=\"og:locale\" content=\"en_US\" \/>\n<meta property=\"og:type\" content=\"article\" \/>\n<meta property=\"og:title\" content=\"CARTOGRAF\u00cdA VOCES CIUDADANAS - NLC\" \/>\n<meta property=\"og:url\" content=\"https:\/\/develop.nucleo-lc.org\/en\/cartografia-voces-ciudadanas\/\" \/>\n<meta property=\"og:site_name\" content=\"NLC\" \/>\n<meta property=\"article:modified_time\" content=\"2020-07-07T14:11:30+00:00\" \/>\n<meta name=\"twitter:card\" content=\"summary_large_image\" \/>\n<meta name=\"twitter:label1\" content=\"Est. reading time\" \/>\n\t<meta name=\"twitter:data1\" content=\"6 minutes\" \/>\n<script type=\"application\/ld+json\" class=\"yoast-schema-graph\">{\"@context\":\"https:\/\/schema.org\",\"@graph\":[{\"@type\":\"WebPage\",\"@id\":\"https:\/\/develop.nucleo-lc.org\/en\/cartografia-voces-ciudadanas\/\",\"url\":\"https:\/\/develop.nucleo-lc.org\/en\/cartografia-voces-ciudadanas\/\",\"name\":\"CARTOGRAF\u00cdA VOCES CIUDADANAS - NLC\",\"isPartOf\":{\"@id\":\"https:\/\/develop.nucleo-lc.org\/#website\"},\"datePublished\":\"2020-06-11T13:40:57+00:00\",\"dateModified\":\"2020-07-07T14:11:30+00:00\",\"breadcrumb\":{\"@id\":\"https:\/\/develop.nucleo-lc.org\/en\/cartografia-voces-ciudadanas\/#breadcrumb\"},\"inLanguage\":\"en-US\",\"potentialAction\":[{\"@type\":\"ReadAction\",\"target\":[\"https:\/\/develop.nucleo-lc.org\/en\/cartografia-voces-ciudadanas\/\"]}]},{\"@type\":\"BreadcrumbList\",\"@id\":\"https:\/\/develop.nucleo-lc.org\/en\/cartografia-voces-ciudadanas\/#breadcrumb\",\"itemListElement\":[{\"@type\":\"ListItem\",\"position\":1,\"name\":\"Portada\",\"item\":\"https:\/\/develop.nucleo-lc.org\/\"},{\"@type\":\"ListItem\",\"position\":2,\"name\":\"CARTOGRAF\u00cdA VOCES CIUDADANAS\"}]},{\"@type\":\"WebSite\",\"@id\":\"https:\/\/develop.nucleo-lc.org\/#website\",\"url\":\"https:\/\/develop.nucleo-lc.org\/\",\"name\":\"NLC\",\"description\":\"N\u00daCLEO LENGUAJE CREACI\u00d3N\",\"potentialAction\":[{\"@type\":\"SearchAction\",\"target\":{\"@type\":\"EntryPoint\",\"urlTemplate\":\"https:\/\/develop.nucleo-lc.org\/?s={search_term_string}\"},\"query-input\":{\"@type\":\"PropertyValueSpecification\",\"valueRequired\":true,\"valueName\":\"search_term_string\"}}],\"inLanguage\":\"en-US\"}]}<\/script>\n<!-- \/ Yoast SEO plugin. -->","yoast_head_json":{"title":"CARTOGRAF\u00cdA VOCES CIUDADANAS - NLC","robots":{"index":"index","follow":"follow","max-snippet":"max-snippet:-1","max-image-preview":"max-image-preview:large","max-video-preview":"max-video-preview:-1"},"canonical":"https:\/\/develop.nucleo-lc.org\/en\/cartografia-voces-ciudadanas\/","og_locale":"en_US","og_type":"article","og_title":"CARTOGRAF\u00cdA VOCES CIUDADANAS - NLC","og_url":"https:\/\/develop.nucleo-lc.org\/en\/cartografia-voces-ciudadanas\/","og_site_name":"NLC","article_modified_time":"2020-07-07T14:11:30+00:00","twitter_card":"summary_large_image","twitter_misc":{"Est. reading time":"6 minutes"},"schema":{"@context":"https:\/\/schema.org","@graph":[{"@type":"WebPage","@id":"https:\/\/develop.nucleo-lc.org\/en\/cartografia-voces-ciudadanas\/","url":"https:\/\/develop.nucleo-lc.org\/en\/cartografia-voces-ciudadanas\/","name":"CARTOGRAF\u00cdA VOCES CIUDADANAS - NLC","isPartOf":{"@id":"https:\/\/develop.nucleo-lc.org\/#website"},"datePublished":"2020-06-11T13:40:57+00:00","dateModified":"2020-07-07T14:11:30+00:00","breadcrumb":{"@id":"https:\/\/develop.nucleo-lc.org\/en\/cartografia-voces-ciudadanas\/#breadcrumb"},"inLanguage":"en-US","potentialAction":[{"@type":"ReadAction","target":["https:\/\/develop.nucleo-lc.org\/en\/cartografia-voces-ciudadanas\/"]}]},{"@type":"BreadcrumbList","@id":"https:\/\/develop.nucleo-lc.org\/en\/cartografia-voces-ciudadanas\/#breadcrumb","itemListElement":[{"@type":"ListItem","position":1,"name":"Portada","item":"https:\/\/develop.nucleo-lc.org\/"},{"@type":"ListItem","position":2,"name":"CARTOGRAF\u00cdA VOCES CIUDADANAS"}]},{"@type":"WebSite","@id":"https:\/\/develop.nucleo-lc.org\/#website","url":"https:\/\/develop.nucleo-lc.org\/","name":"NLC","description":"N\u00daCLEO LENGUAJE CREACI\u00d3N","potentialAction":[{"@type":"SearchAction","target":{"@type":"EntryPoint","urlTemplate":"https:\/\/develop.nucleo-lc.org\/?s={search_term_string}"},"query-input":{"@type":"PropertyValueSpecification","valueRequired":true,"valueName":"search_term_string"}}],"inLanguage":"en-US"}]}},"_links":{"self":[{"href":"https:\/\/develop.nucleo-lc.org\/en\/wp-json\/wp\/v2\/pages\/1745","targetHints":{"allow":["GET"]}}],"collection":[{"href":"https:\/\/develop.nucleo-lc.org\/en\/wp-json\/wp\/v2\/pages"}],"about":[{"href":"https:\/\/develop.nucleo-lc.org\/en\/wp-json\/wp\/v2\/types\/page"}],"author":[{"embeddable":true,"href":"https:\/\/develop.nucleo-lc.org\/en\/wp-json\/wp\/v2\/users\/4"}],"replies":[{"embeddable":true,"href":"https:\/\/develop.nucleo-lc.org\/en\/wp-json\/wp\/v2\/comments?post=1745"}],"version-history":[{"count":19,"href":"https:\/\/develop.nucleo-lc.org\/en\/wp-json\/wp\/v2\/pages\/1745\/revisions"}],"predecessor-version":[{"id":2591,"href":"https:\/\/develop.nucleo-lc.org\/en\/wp-json\/wp\/v2\/pages\/1745\/revisions\/2591"}],"wp:attachment":[{"href":"https:\/\/develop.nucleo-lc.org\/en\/wp-json\/wp\/v2\/media?parent=1745"}],"curies":[{"name":"wp","href":"https:\/\/api.w.org\/{rel}","templated":true}]}}