{"id":2306,"date":"2020-06-24T15:00:33","date_gmt":"2020-06-24T15:00:33","guid":{"rendered":"https:\/\/develop.nucleo-lc.org\/?page_id=2306"},"modified":"2021-09-30T14:56:51","modified_gmt":"2021-09-30T14:56:51","slug":"equipo","status":"publish","type":"page","link":"https:\/\/develop.nucleo-lc.org\/en\/equipo\/","title":{"rendered":"EQUIPO"},"content":{"rendered":"<div class=\"wpb-content-wrapper\"><section class=\"l-section wpb_row us_custom_445b4a37 height_medium width_full centrar\"><div class=\"l-section-h i-cf\"><div class=\"g-cols vc_row type_default valign_top\"><div class=\"vc_col-sm-12 wpb_column vc_column_container\"><div class=\"vc_column-inner us_custom_6e59d6f4\"><div class=\"wpb_wrapper\"><\/div><\/div><\/div><\/div><\/div><\/section><section class=\"l-section wpb_row us_custom_86b0c89d height_medium width_full\"><div class=\"l-section-h i-cf\"><div class=\"g-cols vc_row type_default valign_top\"><div class=\"vc_col-sm-8 wpb_column vc_column_container\"><div class=\"vc_column-inner us_custom_4916a5e1\"><div class=\"wpb_wrapper\"><div class=\"w-separator size_large\"><\/div><div class=\"wpb_text_column us_custom_1e0e9307 textopublicacion\"><div class=\"wpb_wrapper\"><h2>Equipo de trabajo<\/h2>\n<\/div><\/div><\/div><\/div><\/div><div class=\"vc_col-sm-4 wpb_column vc_column_container\"><div class=\"vc_column-inner\"><div class=\"wpb_wrapper\"><\/div><\/div><\/div><\/div><\/div><\/section><section class=\"l-section wpb_row us_custom_86b0c89d height_medium width_full\"><div class=\"l-section-h i-cf\"><div class=\"g-cols vc_row type_default valign_top\"><div class=\"vc_col-sm-6 wpb_column vc_column_container\"><div class=\"vc_column-inner us_custom_4916a5e1\"><div class=\"wpb_wrapper\"><div class=\"wpb_text_column us_custom_1e0e9307 textopublicacion\"><div class=\"wpb_wrapper\"><p><a href=\"https:\/\/www.researchgate.net\/profile\/Fernando_Portal\" target=\"_blank\" rel=\"noopener noreferrer\">\u2014FERNANDO PORTAL<\/a><br \/>\nDIRECTOR<br \/>\nArquitecto y Magister en Arquitectura Pontificia Universidad Cat\u00f3lica de Chile, Master of Sciences en Critical, Curatorial and Conceptual Practices in Architecture, GSAPP, Columbia University, estudiante Dr. Phil. Fakult\u00e4t Architektur und Urbanistik, Bauhaus-Universit\u00e4t Weimar. Profesor, Escuela de Arquitectura UDLA.<\/p>\n<p><a href=\"https:\/\/www.researchgate.net\/profile\/Jose_Abasolo_Llaria\" target=\"_blank\" rel=\"noopener noreferrer\">\u2014JOSE LUIS AB\u00c1SOLO<\/a><br \/>\nArquitecto y Master en Arquitectura Escuela T\u00e9cnica Superior de Arquitectura de Barcelona, estudiante del Doctorado en Proyectos Arquitect\u00f3nicos Avanzados de la Escuela T\u00e9cnica Superior de Arquitectura de Madrid (UPM). Coordinador Vinculaci\u00f3n con el Medio, Facultad de Arquitectura, Dise\u00f1o y Construcci\u00f3n UDLA, Profesor, Escuela de Arquitectura, UDLA.<\/p>\n<p><a href=\"https:\/\/www.researchgate.net\/profile\/Sofia_Balbontin\" target=\"_blank\" rel=\"noopener noreferrer\">\u2014SOFIA BALBONT\u00cdN<\/a><br \/>\nINVESTIGADORA<br \/>\nArquitecta, Pontificia Universidad Cat\u00f3lica de Chile. Profesora, Escuela de Arquitectura UDLA.<\/p>\n<p>\u2014FERNANDO CARVAJAL<br \/>\nArquitecto, Universidad Central, Mag\u00edster en Arquitectura y Doctor en Arquitectura, Pontificia Universidad Cat\u00f3lica de Chile. Profesor, Escuela de Arquitectura, UDLA.<\/p>\n<p>\u2014ALVARO DAGUER<br \/>\nINVESTIGADOR<br \/>\nLicenciado en Gesti\u00f3n de Negocios. Ingeniero de estudios, Vicerrector\u00eda de Aseguramiento de la Calidad y An\u00e1lisis Institucional, UDLA.<\/p>\n<p>\u2014RODRIGO DUE\u00d1AS<br \/>\nINVESTIGADOR<br \/>\nDise\u00f1ador Gr\u00e1fico, Universidad Tecnol\u00f3gica Metropolitana. Mag\u00edster en Edici\u00f3n, Universidad Diego Portales. Coordinador Curricular, Profesor, Escuela de Dise\u00f1o Gr\u00e1fico, UDLA.<\/p>\n<\/div><\/div><\/div><\/div><\/div><div class=\"vc_col-sm-6 wpb_column vc_column_container\"><div class=\"vc_column-inner\"><div class=\"wpb_wrapper\"><div class=\"wpb_text_column us_custom_1e0e9307 textopublicacion\"><div class=\"wpb_wrapper\"><p><a href=\"https:\/\/www.researchgate.net\/profile\/Cristian_Freire2\" target=\"_blank\" rel=\"noopener noreferrer\">\u2014CRISTI\u00c1N FREIRE<\/a><br \/>\nINVESTIGADOR<br \/>\nDise\u00f1ador Gr\u00e1fico Edaa &#8211; Escola de Disseny i Art del Mediterrani &#8211; Palma de Mallorca, Master of Art in Image Synthesis and Computer Animation, MA ISCA, Universitat de les Illes Balears. Coordinador Curricular, Profesor, Escuela de Animaci\u00f3n Digital, UDLA.<\/p>\n<p><a href=\"https:\/\/www.researchgate.net\/profile\/Ricardo_Greene2\" target=\"_blank\" rel=\"noopener noreferrer\">\u2014RICARDO GREENE<\/a><br \/>\nINVESTIGADOR<br \/>\nRicardo Greene es soci\u00f3logo, m\u00e1ster en Urbanismo y PhD en Antropolog\u00eda visual por Goldsmiths, University of London. Es director de la revista y editorial Bifurcaciones, de la Asociaci\u00f3n de Editores de Chile, de la plataforma audiovisual CinEducaci\u00f3n y del proyecto crono-fotogr\u00e1fico Esto Es Talca, adem\u00e1s de formar parte del colectivo Cosas Maravillosas.<\/p>\n<p><a href=\"https:\/\/vimeo.com\/mathiasklenner\" target=\"_blank\" rel=\"noopener noreferrer\">\u2014MATHIAS KLENNER<\/a><br \/>\nINVESTIGADOR<br \/>\nArquitecto, Pontificia Universidad Cat\u00f3lica de Chile. M\u00e1ster en Arte Sonoro, Universidad de Barcelona. Profesor,\u00a0Escuela de Arquitectura UDLA.<\/p>\n<p><a href=\"https:\/\/www.researchgate.net\/profile\/Rodrigo_Valenzuela_Jerez\" target=\"_blank\" rel=\"noopener noreferrer\">\u2014RODRIGO VALENZUELA JEREZ<\/a><br \/>\nINVESTIGADOR<br \/>\nArquitecto Universidad de Chile, Master en Artes Visuales de la Universidad de Chile y Master en Advanced Architectural Design, GSAPP, Columbia University. Coordinador Curricular, Profesor y Lider de la linea de Proyecto, Escuela de Arquitectura, UDLA. Secretario Acad\u00e9mico, Facultad de Arquitectura, Dise\u00f1o y Construcci\u00f3n, UDLA.<\/p>\n<p>\u2014CONNIE MOREIRA<br \/>\nASISTENTE DE INVESTIGACI\u00d3N<br \/>\nDise\u00f1adora Universidad de Valpara\u00edso, Arquitecta Universidad de Aconcagua y Mag\u00edster (c) en Urbanismo Universidad de Chile. Ayudante, Escuela de Arquitectura UDLA.<\/p>\n<\/div><\/div><\/div><\/div><\/div><\/div><\/div><\/section><section class=\"l-section wpb_row us_custom_86b0c89d height_medium width_full\"><div class=\"l-section-h i-cf\"><div class=\"g-cols vc_row type_default valign_top\"><div class=\"vc_col-sm-8 wpb_column vc_column_container\"><div class=\"vc_column-inner us_custom_4916a5e1\"><div class=\"wpb_wrapper\"><div class=\"w-separator size_medium\"><\/div><div class=\"wpb_text_column us_custom_1e0e9307 textopublicacion\"><div class=\"wpb_wrapper\"><h2>Colaboradores<\/h2>\n<\/div><\/div><\/div><\/div><\/div><div class=\"vc_col-sm-4 wpb_column vc_column_container\"><div class=\"vc_column-inner\"><div class=\"wpb_wrapper\"><\/div><\/div><\/div><\/div><\/div><\/section><section class=\"l-section wpb_row us_custom_86b0c89d height_medium width_full\"><div class=\"l-section-h i-cf\"><div class=\"g-cols vc_row type_default valign_top\"><div class=\"vc_col-sm-6 wpb_column vc_column_container\"><div class=\"vc_column-inner us_custom_4916a5e1\"><div class=\"wpb_wrapper\"><div class=\"wpb_text_column us_custom_1e0e9307 textopublicacion\"><div class=\"wpb_wrapper\"><p><a href=\"https:\/\/www.researchgate.net\/profile\/Carlos_Aguirre-Nunez\" target=\"_blank\" rel=\"noopener noreferrer\">\u2014CARLOS AGUIRRE<\/a><br \/>\nConstructor Civil de la Pontificia Universidad Cat\u00f3lica de Chile, con post\u00edtulo en Prevenci\u00f3n de Riesgos de la misma universidad. M\u00e1ster en Gesti\u00f3n y Valoraci\u00f3n Urbana de la Universidad Polit\u00e9cnica de Catalu\u00f1a (UPC-Barcelona TECH), y Phd. en Gesti\u00f3n y Valoraci\u00f3n Urbana de la UPC. Director, Escuela de Construcci\u00f3n Civil, UDLA<\/p>\n<p>\u2014DIANA CORNEJO<br \/>\nPsic\u00f3loga y Mag\u00edster en Psicolog\u00eda Cl\u00ednica, Pontificia Universidad Cat\u00f3lica de Chile. Diplomada en Psicoterapia Sist\u00e9mico Narrativa Infanto Juvenil, Universidad de Chile. Secretaria Acad\u00e9mica Escuela de Psicolog\u00eda UDLA, Directora CEIIES (Centro de Estudios Interdisciplinarios de Infancias y Espacialidades).<\/p>\n<p>\u2014GRACIA FERNANDEZ<br \/>\nDise\u00f1adora Gr\u00e1fica, Universidad Diego Portales.<\/p>\n<p>\u2014NATALIA HURTADO<br \/>\nDise\u00f1adora Gr\u00e1fica, Universidad de Chile. Profesora Escuela de Dise\u00f1o UDLA.<\/p>\n<p>\u2014LORENA P\u00c9REZ<br \/>\nArquitecta, Pontifica Universidad Cat\u00f3lica de Chile. MS. Historic Preservation, GSAPP, Columbia University.<\/p>\n<\/div><\/div><\/div><\/div><\/div><div class=\"vc_col-sm-6 wpb_column vc_column_container\"><div class=\"vc_column-inner\"><div class=\"wpb_wrapper\"><div class=\"wpb_text_column us_custom_1e0e9307 textopublicacion\"><div class=\"wpb_wrapper\"><p>\u2014JULI\u00c1N REYES<br \/>\nAsistente Social, Pontificia Universidad Cat\u00f3lica de Chile. Diplomado en Metodolog\u00edas de Investigaci\u00f3n e Intervenci\u00f3n Social, Universidad Alberto Hurtado. Diplomado Intervenci\u00f3n Programada de Tratamiento Adolescentes Infractores de Ley de Consumo de Drogas, Universidad de Chile. Diplomado de Especializaci\u00f3n en Derechos Humanos y Pol\u00edticas P\u00fablicas para la Infancia en Am\u00e9rica Latina, Fundaci\u00f3n Henry Dunant. Mag\u00edster en Psicolog\u00eda, Universidad Diego Portales. Coordinador, Programa de Intervenci\u00f3n Comunitaria UDLA, Director CEIIES (Centro de Estudios Interdisciplinarios de Infancias y Espacialidades)<\/p>\n<p>\u2014BRUNO SALAS<br \/>\nLicenciado en Artes Visuales, Universidad Finis Terrae. Diplomado en Semi\u00f3tica del arte y la cultura, Universidad de Chile.<\/p>\n<p>\u2014JOAQU\u00cdN SERRANO<br \/>\nArquitecto y Mag\u00edster en Arquitectura, Pontificia Universidad Cat\u00f3lica de Chile. Profesor, Escuela de Arquitectura, UDLA.<\/p>\n<p><a href=\"https:\/\/www.researchgate.net\/profile\/Francisco_Vergara_Perucich\" target=\"_blank\" rel=\"noopener noreferrer\">\u2014FRANCISCO VERGARA<\/a><br \/>\nArquitecto Universidad Central de Chile, Magister en Arquitectura Pontificia Universidad Cat\u00f3lica de Chile, Master in Sciences Building and Urban Design in Development y Doctor en Planificaci\u00f3n del Desarrollo por The Bartlett Development Planning Unit, University College London. Director, Centro Producci\u00f3n del Espacio, UDLA.<\/p>\n<\/div><\/div><\/div><\/div><\/div><\/div><\/div><\/section><section class=\"l-section wpb_row us_custom_86b0c89d height_medium width_full\"><div class=\"l-section-h i-cf\"><div class=\"g-cols vc_row type_default valign_top\"><div class=\"vc_col-sm-8 wpb_column vc_column_container\"><div class=\"vc_column-inner us_custom_4916a5e1\"><div class=\"wpb_wrapper\"><div class=\"w-separator size_medium\"><\/div><div class=\"wpb_text_column us_custom_1e0e9307 textopublicacion\"><div class=\"wpb_wrapper\"><h2>Residentes<\/h2>\n<\/div><\/div><\/div><\/div><\/div><div class=\"vc_col-sm-4 wpb_column vc_column_container\"><div class=\"vc_column-inner\"><div class=\"wpb_wrapper\"><\/div><\/div><\/div><\/div><\/div><\/section><section class=\"l-section wpb_row us_custom_86b0c89d height_medium width_full\"><div class=\"l-section-h i-cf\"><div class=\"g-cols vc_row type_default valign_top\"><div class=\"vc_col-sm-6 wpb_column vc_column_container\"><div class=\"vc_column-inner us_custom_4916a5e1\"><div class=\"wpb_wrapper\"><div class=\"wpb_text_column us_custom_1e0e9307 textopublicacion\"><div class=\"wpb_wrapper\"><p><a href=\"https:\/\/www.flickr.com\/photos\/marischultz\/\" target=\"_blank\" rel=\"noopener noreferrer\">\u2014MAR\u00cdA JES\u00daS SCHULTZ<\/a><br \/>\nResidente 2021<br \/>\nArtista, Mag\u00edster en Estudios de la Imagen de la Universidad Alberto Hurtado y Licenciada en Artes Pl\u00e1sticas de la Universidad de Chile. Su trabajo corresponde al \u00e1mbito experimental, con inter\u00e9s en el collage, el ensamblaje, el uso de materiales org\u00e1nicos y tecnolog\u00edas. Su trabajo en relaci\u00f3n al pensamiento maqu\u00ednico ha sido publicado en <em>AI &amp; Society<\/em> y tambi\u00e9n puede ser visto en <a href=\"http:\/\/imaginacionmaquinica.cl\/\" target=\"_blank\" rel=\"noopener noreferrer\">imaginacionmaquinica.cl<\/a>. Ha ejercido como docente en las Universidad Aut\u00f3noma, Finis Terrae, Universidad de Chile y Adolfo Iba\u00f1ez. Actualmente, se desempe\u00f1a como docente de la Escuela de Arquitectura UDLA.<\/p>\n<p><a href=\"http:\/\/www.cristobalcea.com\/\" target=\"_blank\" rel=\"noopener noreferrer\">\u2014CRISTOBAL CEA<\/a><br \/>\nResidente 2020<br \/>\nArtista, MFA en Medios Digitales de la Universidad de Rhode Island y docente. Su trabajo se enfoca en la relaci\u00f3n entre tecnolog\u00eda y afecto. Ha ejercido com profesor en la universidad Cat\u00f3lica, Universidad Andres Bello, y NYU (New York University) entre otras. Su trabajo como artista ha formado parte de diversas exposiciones, destacando su uso de herramientas animaci\u00f3n para la exploraci\u00f3n de nuevas formas narrativas.<\/p>\n<\/div><\/div><\/div><\/div><\/div><div class=\"vc_col-sm-6 wpb_column vc_column_container\"><div class=\"vc_column-inner\"><div class=\"wpb_wrapper\"><div class=\"wpb_text_column us_custom_1e0e9307 textopublicacion\"><div class=\"wpb_wrapper\"><p><a href=\"https:\/\/www.instagram.com\/the_tremendos\/\" target=\"_blank\" rel=\"noopener noreferrer\">\u2014THE TREMENDOS<\/a><br \/>\nResidentes 2020<br \/>\nProyecto conformado por la arquitecta Mar\u00eda Aparicio y el dise\u00f1ador Werner Fett, que explora las posibilidades de transformaci\u00f3n del territorio a trav\u00e9s de intervenciones ef\u00edmeras, tales como aplicaciones gr\u00e1ficas en el espacio p\u00fablico, y el uso de iluminaci\u00f3n LED, buscando visibilizar y resignificar lugares a trav\u00e9s del realzamiento de elementos arquitect\u00f3nicos.<\/p>\n<p><a href=\"https:\/\/martingubbins.cl\/bio\/\" target=\"_blank\" rel=\"noopener noreferrer\">\u2014MART\u00cdN GUBBINS<\/a><br \/>\nResidente 2019<br \/>\nPoeta, artista, editor y rutero chileno. Autor de diversas de obras de poes\u00eda, poes\u00eda visual y sonora. Ha hecho recitales, performances y exposiciones individuales y colectivas en distintos pa\u00edses.Durante el a\u00f1o 2019, como primer artista residente del N\u00facleo Lenguaje y Creaci\u00f3n, desarrollo la investigaci\u00f3n \u201cCaminos Australes\u201d, explorando, a trav\u00e9s de una serie de intervenciones, performances, obras visuales y poemas, la historia civil de la construcci\u00f3n de la carrera austral.<\/p>\n<\/div><\/div><\/div><\/div><\/div><\/div><\/div><\/section><section class=\"l-section wpb_row us_custom_86b0c89d height_medium width_full\"><div class=\"l-section-h i-cf\"><div class=\"g-cols vc_row type_default valign_top\"><div class=\"vc_col-sm-8 wpb_column vc_column_container\"><div class=\"vc_column-inner us_custom_4916a5e1\"><div class=\"wpb_wrapper\"><div class=\"w-separator size_medium\"><\/div><div class=\"wpb_text_column us_custom_1e0e9307 textopublicacion\"><div class=\"wpb_wrapper\"><h2>Instituciones colaboradoras<\/h2>\n<\/div><\/div><\/div><\/div><\/div><div class=\"vc_col-sm-4 wpb_column vc_column_container\"><div class=\"vc_column-inner\"><div class=\"wpb_wrapper\"><\/div><\/div><\/div><\/div><\/div><\/section><section class=\"l-section wpb_row us_custom_86b0c89d height_medium width_full\"><div class=\"l-section-h i-cf\"><div class=\"g-cols vc_row type_default valign_top\"><div class=\"vc_col-sm-10 wpb_column vc_column_container\"><div class=\"vc_column-inner us_custom_4916a5e1\"><div class=\"wpb_wrapper\"><div class=\"wpb_text_column us_custom_1e0e9307 textopublicacion\"><div class=\"wpb_wrapper\"><p><a href=\"https:\/\/barcoarquitectura.org\/\" target=\"_blank\" rel=\"noopener noreferrer\">\u2014BARCO GALERIA PARA LA ARQUITECTURA<\/a><\/p>\n<p><a href=\"https:\/\/www.linkedin.com\/company\/breaking-nano-chile\/\" target=\"_blank\" rel=\"noopener noreferrer\">\u2014BREAKING NANO CHILE<\/a><\/p>\n<p><a href=\"http:\/\/editorial.bifurcaciones.cl\/\" target=\"_blank\" rel=\"noopener noreferrer\">\u2014EDITORIAL BIFURCACIONES<\/a><\/p>\n<p><a href=\"https:\/\/metalespesados.cl\/#\/\" target=\"_blank\" rel=\"noopener noreferrer\">\u2014EDITORIAL METALES PESADOS<\/a><\/p>\n<p><a href=\"https:\/\/ingenieria.udla.cl\/sobre-la-facultad\/\" target=\"_blank\" rel=\"noopener noreferrer\">\u2014ESCUELA DE INGENIER\u00cdA EN SONIDO, UDLA<\/a><\/p>\n<p><a href=\"https:\/\/impresionante.info\/\" target=\"_blank\" rel=\"noopener noreferrer\">\u2014FERIA IMPRESIONANTE<\/a><\/p>\n<p><a href=\"https:\/\/afagaleria.com\/?v=5bc574a47246\" target=\"_blank\" rel=\"noopener noreferrer\">\u2014GALER\u00cdA AFA<\/a><\/p>\n<p><a href=\"https:\/\/galerianac.cl\/\" target=\"_blank\" rel=\"noopener noreferrer\">\u2014GALER\u00cdA NAC<\/a><\/p>\n<p>\u2014ISABEL ROZAS CONTEMPORARY<\/p>\n<p><a href=\"https:\/\/www.mcielectronics.cl\/\" target=\"_blank\" rel=\"noopener noreferrer\">\u2014MCI ELECTRONICS<\/a><\/p>\n<p><a href=\"https:\/\/www.museovicunamackenna.gob.cl\/\" target=\"_blank\" rel=\"noopener noreferrer\">\u2014MUSEO NACIONAL BENJAM\u00cdN VICU\u00d1A MACKENNA<\/a><\/p>\n<p><a href=\"https:\/\/www.sonypictures.ca\/\" target=\"_blank\" rel=\"noopener noreferrer\">\u2014SONY PICTURES<\/a><\/p>\n<p><a href=\"https:\/\/runwayml.com\/\" target=\"_blank\" rel=\"noopener noreferrer\">\u2014RUNWAY ML<\/a><\/p>\n<\/div><\/div><\/div><\/div><\/div><div class=\"vc_col-sm-2 wpb_column vc_column_container\"><div class=\"vc_column-inner\"><div class=\"wpb_wrapper\"><\/div><\/div><\/div><\/div><\/div><\/section>\n<\/div>","protected":false},"excerpt":{"rendered":"Equipo de trabajo \u2014FERNANDO PORTAL DIRECTOR Arquitecto y Magister en Arquitectura Pontificia Universidad Cat\u00f3lica de Chile, Master of Sciences en Critical, Curatorial and Conceptual Practices in Architecture, GSAPP, Columbia University, estudiante Dr. Phil. Fakult\u00e4t Architektur und Urbanistik, Bauhaus-Universit\u00e4t Weimar. Profesor, Escuela de Arquitectura UDLA. \u2014JOSE LUIS AB\u00c1SOLO Arquitecto y Master en Arquitectura Escuela T\u00e9cnica Superior...","protected":false},"author":4,"featured_media":0,"parent":0,"menu_order":0,"comment_status":"closed","ping_status":"closed","template":"","meta":{"footnotes":""},"class_list":["post-2306","page","type-page","status-publish","hentry"],"yoast_head":"<!-- This site is optimized with the Yoast SEO plugin v26.9 - https:\/\/yoast.com\/product\/yoast-seo-wordpress\/ -->\n<title>EQUIPO - NLC<\/title>\n<meta name=\"robots\" content=\"index, follow, max-snippet:-1, max-image-preview:large, max-video-preview:-1\" \/>\n<link rel=\"canonical\" href=\"https:\/\/develop.nucleo-lc.org\/en\/equipo\/\" \/>\n<meta property=\"og:locale\" content=\"en_US\" \/>\n<meta property=\"og:type\" content=\"article\" \/>\n<meta property=\"og:title\" content=\"EQUIPO - NLC\" \/>\n<meta property=\"og:url\" content=\"https:\/\/develop.nucleo-lc.org\/en\/equipo\/\" \/>\n<meta property=\"og:site_name\" content=\"NLC\" \/>\n<meta property=\"article:modified_time\" content=\"2021-09-30T14:56:51+00:00\" \/>\n<meta name=\"twitter:card\" content=\"summary_large_image\" \/>\n<meta name=\"twitter:label1\" content=\"Est. reading time\" \/>\n\t<meta name=\"twitter:data1\" content=\"10 minutes\" \/>\n<script type=\"application\/ld+json\" class=\"yoast-schema-graph\">{\"@context\":\"https:\/\/schema.org\",\"@graph\":[{\"@type\":\"WebPage\",\"@id\":\"https:\/\/develop.nucleo-lc.org\/equipo\/\",\"url\":\"https:\/\/develop.nucleo-lc.org\/equipo\/\",\"name\":\"EQUIPO - NLC\",\"isPartOf\":{\"@id\":\"https:\/\/develop.nucleo-lc.org\/#website\"},\"datePublished\":\"2020-06-24T15:00:33+00:00\",\"dateModified\":\"2021-09-30T14:56:51+00:00\",\"breadcrumb\":{\"@id\":\"https:\/\/develop.nucleo-lc.org\/equipo\/#breadcrumb\"},\"inLanguage\":\"en-US\",\"potentialAction\":[{\"@type\":\"ReadAction\",\"target\":[\"https:\/\/develop.nucleo-lc.org\/equipo\/\"]}]},{\"@type\":\"BreadcrumbList\",\"@id\":\"https:\/\/develop.nucleo-lc.org\/equipo\/#breadcrumb\",\"itemListElement\":[{\"@type\":\"ListItem\",\"position\":1,\"name\":\"Portada\",\"item\":\"https:\/\/develop.nucleo-lc.org\/\"},{\"@type\":\"ListItem\",\"position\":2,\"name\":\"EQUIPO\"}]},{\"@type\":\"WebSite\",\"@id\":\"https:\/\/develop.nucleo-lc.org\/#website\",\"url\":\"https:\/\/develop.nucleo-lc.org\/\",\"name\":\"NLC\",\"description\":\"N\u00daCLEO LENGUAJE CREACI\u00d3N\",\"potentialAction\":[{\"@type\":\"SearchAction\",\"target\":{\"@type\":\"EntryPoint\",\"urlTemplate\":\"https:\/\/develop.nucleo-lc.org\/?s={search_term_string}\"},\"query-input\":{\"@type\":\"PropertyValueSpecification\",\"valueRequired\":true,\"valueName\":\"search_term_string\"}}],\"inLanguage\":\"en-US\"}]}<\/script>\n<!-- \/ Yoast SEO plugin. -->","yoast_head_json":{"title":"EQUIPO - NLC","robots":{"index":"index","follow":"follow","max-snippet":"max-snippet:-1","max-image-preview":"max-image-preview:large","max-video-preview":"max-video-preview:-1"},"canonical":"https:\/\/develop.nucleo-lc.org\/en\/equipo\/","og_locale":"en_US","og_type":"article","og_title":"EQUIPO - NLC","og_url":"https:\/\/develop.nucleo-lc.org\/en\/equipo\/","og_site_name":"NLC","article_modified_time":"2021-09-30T14:56:51+00:00","twitter_card":"summary_large_image","twitter_misc":{"Est. reading time":"10 minutes"},"schema":{"@context":"https:\/\/schema.org","@graph":[{"@type":"WebPage","@id":"https:\/\/develop.nucleo-lc.org\/equipo\/","url":"https:\/\/develop.nucleo-lc.org\/equipo\/","name":"EQUIPO - NLC","isPartOf":{"@id":"https:\/\/develop.nucleo-lc.org\/#website"},"datePublished":"2020-06-24T15:00:33+00:00","dateModified":"2021-09-30T14:56:51+00:00","breadcrumb":{"@id":"https:\/\/develop.nucleo-lc.org\/equipo\/#breadcrumb"},"inLanguage":"en-US","potentialAction":[{"@type":"ReadAction","target":["https:\/\/develop.nucleo-lc.org\/equipo\/"]}]},{"@type":"BreadcrumbList","@id":"https:\/\/develop.nucleo-lc.org\/equipo\/#breadcrumb","itemListElement":[{"@type":"ListItem","position":1,"name":"Portada","item":"https:\/\/develop.nucleo-lc.org\/"},{"@type":"ListItem","position":2,"name":"EQUIPO"}]},{"@type":"WebSite","@id":"https:\/\/develop.nucleo-lc.org\/#website","url":"https:\/\/develop.nucleo-lc.org\/","name":"NLC","description":"N\u00daCLEO LENGUAJE CREACI\u00d3N","potentialAction":[{"@type":"SearchAction","target":{"@type":"EntryPoint","urlTemplate":"https:\/\/develop.nucleo-lc.org\/?s={search_term_string}"},"query-input":{"@type":"PropertyValueSpecification","valueRequired":true,"valueName":"search_term_string"}}],"inLanguage":"en-US"}]}},"_links":{"self":[{"href":"https:\/\/develop.nucleo-lc.org\/en\/wp-json\/wp\/v2\/pages\/2306","targetHints":{"allow":["GET"]}}],"collection":[{"href":"https:\/\/develop.nucleo-lc.org\/en\/wp-json\/wp\/v2\/pages"}],"about":[{"href":"https:\/\/develop.nucleo-lc.org\/en\/wp-json\/wp\/v2\/types\/page"}],"author":[{"embeddable":true,"href":"https:\/\/develop.nucleo-lc.org\/en\/wp-json\/wp\/v2\/users\/4"}],"replies":[{"embeddable":true,"href":"https:\/\/develop.nucleo-lc.org\/en\/wp-json\/wp\/v2\/comments?post=2306"}],"version-history":[{"count":16,"href":"https:\/\/develop.nucleo-lc.org\/en\/wp-json\/wp\/v2\/pages\/2306\/revisions"}],"predecessor-version":[{"id":3751,"href":"https:\/\/develop.nucleo-lc.org\/en\/wp-json\/wp\/v2\/pages\/2306\/revisions\/3751"}],"wp:attachment":[{"href":"https:\/\/develop.nucleo-lc.org\/en\/wp-json\/wp\/v2\/media?parent=2306"}],"curies":[{"name":"wp","href":"https:\/\/api.w.org\/{rel}","templated":true}]}}