{"id":3192,"date":"2020-10-27T13:41:21","date_gmt":"2020-10-27T13:41:21","guid":{"rendered":"https:\/\/develop.nucleo-lc.org\/?page_id=3192"},"modified":"2020-11-16T22:15:23","modified_gmt":"2020-11-16T22:15:23","slug":"chroma","status":"publish","type":"page","link":"https:\/\/develop.nucleo-lc.org\/en\/chroma\/","title":{"rendered":"CHROMA"},"content":{"rendered":"<div class=\"wpb-content-wrapper\"><section class=\"l-section wpb_row us_custom_445b4a37 height_medium width_full centrar\"><div class=\"l-section-h i-cf\"><div class=\"g-cols vc_row type_default valign_top\"><div class=\"vc_col-sm-12 wpb_column vc_column_container\"><div class=\"vc_column-inner us_custom_6e59d6f4\"><div class=\"wpb_wrapper\"><section class=\"l-section wpb_row us_custom_821ea863 height_medium width_full centrar\"><div class=\"l-section-h i-cf\"><div class=\"g-cols vc_row type_default valign_top\"><div class=\"vc_col-sm-12 wpb_column vc_column_container\"><div class=\"vc_column-inner us_custom_6e59d6f4\"><div class=\"wpb_wrapper\"><p class=\"w-post-elm post_title us_custom_3516b961 entry-title has_text_color\" itemprop=\"headline\">CHROMA<\/p><\/div><\/div><\/div><\/div><\/div><\/section>\n<\/div><\/div><\/div><\/div><\/div><\/section><section class=\"l-section wpb_row us_custom_1629c3a5 height_medium width_full centrar\"><div class=\"l-section-h i-cf\"><div class=\"g-cols vc_row type_default valign_top\"><div class=\"vc_col-sm-12 wpb_column vc_column_container\"><div class=\"vc_column-inner us_custom_6e59d6f4\"><div class=\"wpb_wrapper\"><div class=\"w-separator size_medium\"><\/div><div class=\"wpb_text_column us_custom_19143edb\"><div class=\"wpb_wrapper\"><p>\u00bfCu\u00e1les son las bases para analizar y crear \u00abpaisajes emocionales\u00bb en los espacios presenciales y remotos a trav\u00e9s de los cuales hoy hemos redefinido las formas del encuentro?<\/p>\n<p class=\"p1\">CHROMA busca construir paisajes emocionales, poniendo al centro la percepci\u00f3n humana. Impresiones m\u00faltiples que comunican los sentidos a trav\u00e9s de la relaci\u00f3n de tres componentes: la luz, el color y el sonido.<\/p>\n<\/div><\/div><div class=\"w-separator size_medium\"><\/div><\/div><\/div><\/div><\/div><\/div><\/section><section class=\"l-section wpb_row us_custom_e5f9337f height_medium width_full centrar\"><div class=\"l-section-h i-cf\"><div class=\"g-cols vc_row type_default valign_top\"><div class=\"vc_col-sm-12 wpb_column vc_column_container\"><div class=\"vc_column-inner us_custom_6e59d6f4\"><div class=\"wpb_wrapper\"><section class=\"l-section wpb_row us_custom_821ea863 height_medium width_full centrar\" id=\"investigacion\"><div class=\"l-section-h i-cf\"><div class=\"g-cols vc_row type_default valign_top\"><div class=\"vc_col-sm-12 wpb_column vc_column_container\"><div class=\"vc_column-inner us_custom_6e59d6f4\"><div class=\"wpb_wrapper\"><div class=\"wpb_text_column us_custom_3516b961 has_text_color\"><div class=\"wpb_wrapper\"><p>INVESTIGATION<\/p>\n<\/div><\/div><\/div><\/div><\/div><\/div><\/div><\/section>\n<\/div><\/div><\/div><\/div><\/div><\/section><section class=\"l-section wpb_row us_custom_59c37944 height_medium width_full\"><div class=\"l-section-h i-cf\"><div class=\"g-cols vc_row type_default valign_top\"><div class=\"vc_col-sm-12 wpb_column vc_column_container\"><div class=\"vc_column-inner\"><div class=\"wpb_wrapper\"><div class=\"w-grid type_grid layout_69 cols_5 ratio_1x1\" id=\"us_grid_1\"><style id=\"us_grid_1_css\">#us_grid_1 .w-grid-item{padding:1.5rem}#us_grid_1 .w-grid-list{margin:-1.5rem}.w-grid + #us_grid_1 .w-grid-list{margin-top:1.5rem}@media (max-width:1199px){#us_grid_1 .w-grid-item{width:33.333333333333%}#us_grid_1 .w-grid-item.size_2x1,#us_grid_1 .w-grid-item.size_2x2{width:66.666666666667%}}@media (max-width:899px){#us_grid_1 .w-grid-item{width:50%}#us_grid_1 .w-grid-item.size_2x1,#us_grid_1 .w-grid-item.size_2x2{width:100%}}@media (max-width:599px){#us_grid_1 .w-grid-list{margin:0}#us_grid_1 .w-grid-item{width:100%;padding:0;margin-bottom:1.5rem}}<\/style><style>.layout_69 .w-grid-item-h:before{padding-bottom:100.0000%}@media (min-width:600px){.layout_69 .w-grid-item.size_1x2 .w-grid-item-h:before{padding-bottom:calc(200% + 1.5rem + 1.5rem)}.layout_69 .w-grid-item.size_2x1 .w-grid-item-h:before{padding-bottom:calc(50% - 1.5rem * 1)}.layout_69 .w-grid-item.size_2x2 .w-grid-item-h:before{padding-bottom:calc(100% - 1.5rem * 0)}}.layout_69 .w-grid-item-h{}.layout_69 .usg_post_image_1{transition-duration:0.3s;transform-origin:50% 50%;transform:scale(1) translate(0%,0%)}.layout_69 .w-grid-item-h:hover .usg_post_image_1{transform:scale(1) translate(0%,0%);opacity:1;border-color:#e41c20!important}.layout_69 .usg_post_image_1{margin-bottom:0.5rem!important;border:4px solid rgba(0,0,0,0)!important}.layout_69 .usg_post_title_1{font-size:1rem!important}<\/style><div class=\"w-grid-list\"><article class=\"w-grid-item size_1x1 post-3196 post type-post status-publish format-standard has-post-thumbnail hentry category-investigacion tag-chroma\" data-id=\"3196\">\r\n\t<div class=\"w-grid-item-h\">\r\n\t\t\t\t<div class=\"w-post-elm post_image usg_post_image_1 stretched\"><a href=\"https:\/\/develop.nucleo-lc.org\/en\/2020\/10\/27\/chroma-the-tremendos\/\" aria-label=\"Chroma \u2014 The Tremendos\"><img loading=\"lazy\" decoding=\"async\" width=\"1024\" height=\"1024\" src=\"https:\/\/develop.nucleo-lc.org\/wp-content\/uploads\/2020\/10\/chroma_5-1024x1024.jpg\" class=\"attachment-large size-large wp-post-image\" alt=\"\" srcset=\"https:\/\/develop.nucleo-lc.org\/wp-content\/uploads\/2020\/10\/chroma_5-1024x1024.jpg 1024w, https:\/\/develop.nucleo-lc.org\/wp-content\/uploads\/2020\/10\/chroma_5-300x300.jpg 300w, https:\/\/develop.nucleo-lc.org\/wp-content\/uploads\/2020\/10\/chroma_5-150x150.jpg 150w, https:\/\/develop.nucleo-lc.org\/wp-content\/uploads\/2020\/10\/chroma_5-120x120.jpg 120w, https:\/\/develop.nucleo-lc.org\/wp-content\/uploads\/2020\/10\/chroma_5.jpg 1500w\" sizes=\"auto, (max-width: 1024px) 100vw, 1024px\" \/><\/a><\/div><h2 class=\"w-post-elm post_title usg_post_title_1 entry-title color_link_inherit\"><a href=\"https:\/\/develop.nucleo-lc.org\/en\/2020\/10\/27\/chroma-the-tremendos\/\">Chroma \u2014 The Tremendos<\/a><\/h2>\t<\/div>\r\n<\/article>\r\n<\/div>\t<div class=\"w-grid-json hidden\" onclick='return {&quot;ajax_url&quot;:&quot;https:\\\/\\\/develop.nucleo-lc.org\\\/wp-admin\\\/admin-ajax.php&quot;,&quot;permalink_url&quot;:&quot;https:\\\/\\\/develop.nucleo-lc.org\\\/en\\\/2020\\\/10\\\/27\\\/chroma-the-tremendos\\\/&quot;,&quot;action&quot;:&quot;us_ajax_grid&quot;,&quot;max_num_pages&quot;:1,&quot;infinite_scroll&quot;:0,&quot;template_vars&quot;:{&quot;query_args&quot;:{&quot;post_type&quot;:[&quot;post&quot;],&quot;tax_query&quot;:[{&quot;taxonomy&quot;:&quot;category&quot;,&quot;field&quot;:&quot;slug&quot;,&quot;terms&quot;:[&quot;investigacion&quot;]},{&quot;taxonomy&quot;:&quot;post_tag&quot;,&quot;field&quot;:&quot;slug&quot;,&quot;terms&quot;:[&quot;chroma&quot;]}],&quot;post_status&quot;:[&quot;publish&quot;],&quot;orderby&quot;:{&quot;date&quot;:&quot;ASC&quot;},&quot;posts_per_page&quot;:&quot;10&quot;},&quot;post_id&quot;:3192,&quot;us_grid_index&quot;:1,&quot;us_grid_ajax_index&quot;:1,&quot;exclude_items&quot;:&quot;none&quot;,&quot;items_offset&quot;:&quot;1&quot;,&quot;items_layout&quot;:&quot;69&quot;,&quot;type&quot;:&quot;grid&quot;,&quot;columns&quot;:&quot;5&quot;,&quot;img_size&quot;:&quot;default&quot;,&quot;overriding_link&quot;:&quot;none&quot;}}'><\/div>\r\n<\/div><\/div><\/div><\/div><\/div><\/div><\/section><section class=\"l-section wpb_row us_custom_56953643 height_medium width_full centrar\"><div class=\"l-section-h i-cf\"><div class=\"g-cols vc_row type_default valign_top\"><div class=\"vc_col-sm-12 wpb_column vc_column_container\"><div class=\"vc_column-inner us_custom_6e59d6f4\"><div class=\"wpb_wrapper\"><section class=\"l-section wpb_row us_custom_821ea863 height_medium width_full centrar\" id=\"eventos\"><div class=\"l-section-h i-cf\"><div class=\"g-cols vc_row type_default valign_top\"><div class=\"vc_col-sm-12 wpb_column vc_column_container\"><div class=\"vc_column-inner us_custom_6e59d6f4\"><div class=\"wpb_wrapper\"><div class=\"wpb_text_column us_custom_3516b961 has_text_color\"><div class=\"wpb_wrapper\"><p>EVENTS<\/p>\n<\/div><\/div><\/div><\/div><\/div><\/div><\/div><\/section>\n<\/div><\/div><\/div><\/div><\/div><\/section><section class=\"l-section wpb_row us_custom_f58a0cb9 height_medium width_full\"><div class=\"l-section-h i-cf\"><div class=\"g-cols vc_row type_default valign_top\"><div class=\"vc_col-sm-12 wpb_column vc_column_container\"><div class=\"vc_column-inner\"><div class=\"wpb_wrapper\"><div class=\"w-grid type_grid layout_69 cols_5 ratio_1x1\" id=\"us_grid_2\"><style id=\"us_grid_2_css\">#us_grid_2 .w-grid-item{padding:1.5rem}#us_grid_2 .w-grid-list{margin:-1.5rem}.w-grid + #us_grid_2 .w-grid-list{margin-top:1.5rem}@media (max-width:1199px){#us_grid_2 .w-grid-item{width:33.333333333333%}#us_grid_2 .w-grid-item.size_2x1,#us_grid_2 .w-grid-item.size_2x2{width:66.666666666667%}}@media (max-width:899px){#us_grid_2 .w-grid-item{width:50%}#us_grid_2 .w-grid-item.size_2x1,#us_grid_2 .w-grid-item.size_2x2{width:100%}}@media (max-width:599px){#us_grid_2 .w-grid-list{margin:0}#us_grid_2 .w-grid-item{width:100%;padding:0;margin-bottom:1.5rem}}<\/style><div class=\"w-grid-list\"><article class=\"w-grid-item size_1x1 post-3266 post type-post status-publish format-standard has-post-thumbnail hentry category-eventos tag-chroma\" data-id=\"3266\">\r\n\t<div class=\"w-grid-item-h\">\r\n\t\t\t\t<div class=\"w-post-elm post_image usg_post_image_1 stretched\"><a href=\"https:\/\/develop.nucleo-lc.org\/en\/2020\/11\/16\/seminario-chroma-01-luz\/\" aria-label=\"Seminario CHROMA \u2014 01 LUZ\"><img loading=\"lazy\" decoding=\"async\" width=\"1024\" height=\"1024\" src=\"https:\/\/develop.nucleo-lc.org\/wp-content\/uploads\/2020\/11\/graficas_chroma-07-1024x1024.jpg\" class=\"attachment-large size-large wp-post-image\" alt=\"\" srcset=\"https:\/\/develop.nucleo-lc.org\/wp-content\/uploads\/2020\/11\/graficas_chroma-07-1024x1024.jpg 1024w, https:\/\/develop.nucleo-lc.org\/wp-content\/uploads\/2020\/11\/graficas_chroma-07-300x300.jpg 300w, https:\/\/develop.nucleo-lc.org\/wp-content\/uploads\/2020\/11\/graficas_chroma-07-150x150.jpg 150w, https:\/\/develop.nucleo-lc.org\/wp-content\/uploads\/2020\/11\/graficas_chroma-07-1536x1536.jpg 1536w, https:\/\/develop.nucleo-lc.org\/wp-content\/uploads\/2020\/11\/graficas_chroma-07-2048x2048.jpg 2048w, https:\/\/develop.nucleo-lc.org\/wp-content\/uploads\/2020\/11\/graficas_chroma-07-120x120.jpg 120w\" sizes=\"auto, (max-width: 1024px) 100vw, 1024px\" \/><\/a><\/div><h2 class=\"w-post-elm post_title usg_post_title_1 entry-title color_link_inherit\"><a href=\"https:\/\/develop.nucleo-lc.org\/en\/2020\/11\/16\/seminario-chroma-01-luz\/\">Seminario CHROMA \u2014 01 LUZ<\/a><\/h2>\t<\/div>\r\n<\/article>\r\n<article class=\"w-grid-item size_1x1 post-3270 post type-post status-publish format-standard has-post-thumbnail hentry category-eventos tag-chroma\" data-id=\"3270\">\r\n\t<div class=\"w-grid-item-h\">\r\n\t\t\t\t<div class=\"w-post-elm post_image usg_post_image_1 stretched\"><a href=\"https:\/\/develop.nucleo-lc.org\/en\/2020\/11\/16\/seminario-chroma-02-color\/\" aria-label=\"Seminario CHROMA \u2014 02 COLOR\"><img loading=\"lazy\" decoding=\"async\" width=\"1024\" height=\"1024\" src=\"https:\/\/develop.nucleo-lc.org\/wp-content\/uploads\/2020\/11\/graficas_chroma-08-1024x1024.jpg\" class=\"attachment-large size-large wp-post-image\" alt=\"\" srcset=\"https:\/\/develop.nucleo-lc.org\/wp-content\/uploads\/2020\/11\/graficas_chroma-08-1024x1024.jpg 1024w, https:\/\/develop.nucleo-lc.org\/wp-content\/uploads\/2020\/11\/graficas_chroma-08-300x300.jpg 300w, https:\/\/develop.nucleo-lc.org\/wp-content\/uploads\/2020\/11\/graficas_chroma-08-150x150.jpg 150w, https:\/\/develop.nucleo-lc.org\/wp-content\/uploads\/2020\/11\/graficas_chroma-08-1536x1536.jpg 1536w, https:\/\/develop.nucleo-lc.org\/wp-content\/uploads\/2020\/11\/graficas_chroma-08-2048x2048.jpg 2048w, https:\/\/develop.nucleo-lc.org\/wp-content\/uploads\/2020\/11\/graficas_chroma-08-120x120.jpg 120w\" sizes=\"auto, (max-width: 1024px) 100vw, 1024px\" \/><\/a><\/div><h2 class=\"w-post-elm post_title usg_post_title_1 entry-title color_link_inherit\"><a href=\"https:\/\/develop.nucleo-lc.org\/en\/2020\/11\/16\/seminario-chroma-02-color\/\">Seminario CHROMA \u2014 02 COLOR<\/a><\/h2>\t<\/div>\r\n<\/article>\r\n<article class=\"w-grid-item size_1x1 post-3275 post type-post status-publish format-standard has-post-thumbnail hentry category-eventos tag-chroma\" data-id=\"3275\">\r\n\t<div class=\"w-grid-item-h\">\r\n\t\t\t\t<div class=\"w-post-elm post_image usg_post_image_1 stretched\"><a href=\"https:\/\/develop.nucleo-lc.org\/en\/2020\/11\/16\/seminario-chroma-03-sonido\/\" aria-label=\"Seminario CHROMA \u2014 03 SONIDO\"><img loading=\"lazy\" decoding=\"async\" width=\"1024\" height=\"1024\" src=\"https:\/\/develop.nucleo-lc.org\/wp-content\/uploads\/2020\/11\/graficas_chroma-09-1024x1024.jpg\" class=\"attachment-large size-large wp-post-image\" alt=\"\" srcset=\"https:\/\/develop.nucleo-lc.org\/wp-content\/uploads\/2020\/11\/graficas_chroma-09-1024x1024.jpg 1024w, https:\/\/develop.nucleo-lc.org\/wp-content\/uploads\/2020\/11\/graficas_chroma-09-300x300.jpg 300w, https:\/\/develop.nucleo-lc.org\/wp-content\/uploads\/2020\/11\/graficas_chroma-09-150x150.jpg 150w, https:\/\/develop.nucleo-lc.org\/wp-content\/uploads\/2020\/11\/graficas_chroma-09-1536x1536.jpg 1536w, https:\/\/develop.nucleo-lc.org\/wp-content\/uploads\/2020\/11\/graficas_chroma-09-2048x2048.jpg 2048w, https:\/\/develop.nucleo-lc.org\/wp-content\/uploads\/2020\/11\/graficas_chroma-09-120x120.jpg 120w\" sizes=\"auto, (max-width: 1024px) 100vw, 1024px\" \/><\/a><\/div><h2 class=\"w-post-elm post_title usg_post_title_1 entry-title color_link_inherit\"><a href=\"https:\/\/develop.nucleo-lc.org\/en\/2020\/11\/16\/seminario-chroma-03-sonido\/\">Seminario CHROMA \u2014 03 SONIDO<\/a><\/h2>\t<\/div>\r\n<\/article>\r\n<\/div>\t<div class=\"w-grid-json hidden\" onclick='return {&quot;ajax_url&quot;:&quot;https:\\\/\\\/develop.nucleo-lc.org\\\/wp-admin\\\/admin-ajax.php&quot;,&quot;permalink_url&quot;:&quot;https:\\\/\\\/develop.nucleo-lc.org\\\/en\\\/2020\\\/11\\\/16\\\/seminario-chroma-03-sonido\\\/&quot;,&quot;action&quot;:&quot;us_ajax_grid&quot;,&quot;max_num_pages&quot;:1,&quot;infinite_scroll&quot;:0,&quot;template_vars&quot;:{&quot;query_args&quot;:{&quot;post_type&quot;:[&quot;post&quot;],&quot;tax_query&quot;:[{&quot;taxonomy&quot;:&quot;category&quot;,&quot;field&quot;:&quot;slug&quot;,&quot;terms&quot;:[&quot;eventos&quot;]},{&quot;taxonomy&quot;:&quot;post_tag&quot;,&quot;field&quot;:&quot;slug&quot;,&quot;terms&quot;:[&quot;chroma&quot;]}],&quot;post_status&quot;:[&quot;publish&quot;],&quot;orderby&quot;:{&quot;date&quot;:&quot;ASC&quot;},&quot;posts_per_page&quot;:&quot;10&quot;},&quot;post_id&quot;:3196,&quot;us_grid_index&quot;:2,&quot;us_grid_ajax_index&quot;:1,&quot;exclude_items&quot;:&quot;none&quot;,&quot;items_offset&quot;:&quot;1&quot;,&quot;items_layout&quot;:&quot;69&quot;,&quot;type&quot;:&quot;grid&quot;,&quot;columns&quot;:&quot;5&quot;,&quot;img_size&quot;:&quot;default&quot;,&quot;overriding_link&quot;:&quot;none&quot;}}'><\/div>\r\n<\/div><\/div><\/div><\/div><\/div><\/div><\/section>\n<\/div>","protected":false},"excerpt":{"rendered":"EVENTOSSeminario CHROMA \u2014 03 SONIDOCHROMA 03 &#8211; SONIDO CHROMA, es una investigaci\u00f3n basada en pr\u00e1ctica que busca construir paisajes emocionales, desde la exploraci\u00f3n de relaciones sensoriales ente la luz, el color y el sonido. Esta exploraci\u00f3n, ser\u00e1 desarrollar\u00e1 por The TremenDos como parte de su residencia en el N\u00facleo de Lenguaje y Creaci\u00f3n de la...","protected":false},"author":4,"featured_media":0,"parent":0,"menu_order":0,"comment_status":"closed","ping_status":"closed","template":"","meta":{"footnotes":""},"class_list":["post-3192","page","type-page","status-publish","hentry"],"yoast_head":"<!-- This site is optimized with the Yoast SEO plugin v26.9 - https:\/\/yoast.com\/product\/yoast-seo-wordpress\/ -->\n<title>CHROMA - NLC<\/title>\n<meta name=\"robots\" content=\"index, follow, max-snippet:-1, max-image-preview:large, max-video-preview:-1\" \/>\n<link rel=\"canonical\" href=\"https:\/\/develop.nucleo-lc.org\/en\/chroma\/\" \/>\n<meta property=\"og:locale\" content=\"en_US\" \/>\n<meta property=\"og:type\" content=\"article\" \/>\n<meta property=\"og:title\" content=\"CHROMA - NLC\" \/>\n<meta property=\"og:url\" content=\"https:\/\/develop.nucleo-lc.org\/en\/chroma\/\" \/>\n<meta property=\"og:site_name\" content=\"NLC\" \/>\n<meta property=\"article:modified_time\" content=\"2020-11-16T22:15:23+00:00\" \/>\n<meta name=\"twitter:card\" content=\"summary_large_image\" \/>\n<meta name=\"twitter:label1\" content=\"Est. reading time\" \/>\n\t<meta name=\"twitter:data1\" content=\"5 minutes\" \/>\n<script type=\"application\/ld+json\" class=\"yoast-schema-graph\">{\"@context\":\"https:\/\/schema.org\",\"@graph\":[{\"@type\":\"WebPage\",\"@id\":\"https:\/\/develop.nucleo-lc.org\/chroma\/\",\"url\":\"https:\/\/develop.nucleo-lc.org\/chroma\/\",\"name\":\"CHROMA - NLC\",\"isPartOf\":{\"@id\":\"https:\/\/develop.nucleo-lc.org\/#website\"},\"datePublished\":\"2020-10-27T13:41:21+00:00\",\"dateModified\":\"2020-11-16T22:15:23+00:00\",\"breadcrumb\":{\"@id\":\"https:\/\/develop.nucleo-lc.org\/chroma\/#breadcrumb\"},\"inLanguage\":\"en-US\",\"potentialAction\":[{\"@type\":\"ReadAction\",\"target\":[\"https:\/\/develop.nucleo-lc.org\/chroma\/\"]}]},{\"@type\":\"BreadcrumbList\",\"@id\":\"https:\/\/develop.nucleo-lc.org\/chroma\/#breadcrumb\",\"itemListElement\":[{\"@type\":\"ListItem\",\"position\":1,\"name\":\"Portada\",\"item\":\"https:\/\/develop.nucleo-lc.org\/\"},{\"@type\":\"ListItem\",\"position\":2,\"name\":\"CHROMA\"}]},{\"@type\":\"WebSite\",\"@id\":\"https:\/\/develop.nucleo-lc.org\/#website\",\"url\":\"https:\/\/develop.nucleo-lc.org\/\",\"name\":\"NLC\",\"description\":\"N\u00daCLEO LENGUAJE CREACI\u00d3N\",\"potentialAction\":[{\"@type\":\"SearchAction\",\"target\":{\"@type\":\"EntryPoint\",\"urlTemplate\":\"https:\/\/develop.nucleo-lc.org\/?s={search_term_string}\"},\"query-input\":{\"@type\":\"PropertyValueSpecification\",\"valueRequired\":true,\"valueName\":\"search_term_string\"}}],\"inLanguage\":\"en-US\"}]}<\/script>\n<!-- \/ Yoast SEO plugin. -->","yoast_head_json":{"title":"CHROMA - NLC","robots":{"index":"index","follow":"follow","max-snippet":"max-snippet:-1","max-image-preview":"max-image-preview:large","max-video-preview":"max-video-preview:-1"},"canonical":"https:\/\/develop.nucleo-lc.org\/en\/chroma\/","og_locale":"en_US","og_type":"article","og_title":"CHROMA - NLC","og_url":"https:\/\/develop.nucleo-lc.org\/en\/chroma\/","og_site_name":"NLC","article_modified_time":"2020-11-16T22:15:23+00:00","twitter_card":"summary_large_image","twitter_misc":{"Est. reading time":"5 minutes"},"schema":{"@context":"https:\/\/schema.org","@graph":[{"@type":"WebPage","@id":"https:\/\/develop.nucleo-lc.org\/chroma\/","url":"https:\/\/develop.nucleo-lc.org\/chroma\/","name":"CHROMA - NLC","isPartOf":{"@id":"https:\/\/develop.nucleo-lc.org\/#website"},"datePublished":"2020-10-27T13:41:21+00:00","dateModified":"2020-11-16T22:15:23+00:00","breadcrumb":{"@id":"https:\/\/develop.nucleo-lc.org\/chroma\/#breadcrumb"},"inLanguage":"en-US","potentialAction":[{"@type":"ReadAction","target":["https:\/\/develop.nucleo-lc.org\/chroma\/"]}]},{"@type":"BreadcrumbList","@id":"https:\/\/develop.nucleo-lc.org\/chroma\/#breadcrumb","itemListElement":[{"@type":"ListItem","position":1,"name":"Portada","item":"https:\/\/develop.nucleo-lc.org\/"},{"@type":"ListItem","position":2,"name":"CHROMA"}]},{"@type":"WebSite","@id":"https:\/\/develop.nucleo-lc.org\/#website","url":"https:\/\/develop.nucleo-lc.org\/","name":"NLC","description":"N\u00daCLEO LENGUAJE CREACI\u00d3N","potentialAction":[{"@type":"SearchAction","target":{"@type":"EntryPoint","urlTemplate":"https:\/\/develop.nucleo-lc.org\/?s={search_term_string}"},"query-input":{"@type":"PropertyValueSpecification","valueRequired":true,"valueName":"search_term_string"}}],"inLanguage":"en-US"}]}},"_links":{"self":[{"href":"https:\/\/develop.nucleo-lc.org\/en\/wp-json\/wp\/v2\/pages\/3192","targetHints":{"allow":["GET"]}}],"collection":[{"href":"https:\/\/develop.nucleo-lc.org\/en\/wp-json\/wp\/v2\/pages"}],"about":[{"href":"https:\/\/develop.nucleo-lc.org\/en\/wp-json\/wp\/v2\/types\/page"}],"author":[{"embeddable":true,"href":"https:\/\/develop.nucleo-lc.org\/en\/wp-json\/wp\/v2\/users\/4"}],"replies":[{"embeddable":true,"href":"https:\/\/develop.nucleo-lc.org\/en\/wp-json\/wp\/v2\/comments?post=3192"}],"version-history":[{"count":5,"href":"https:\/\/develop.nucleo-lc.org\/en\/wp-json\/wp\/v2\/pages\/3192\/revisions"}],"predecessor-version":[{"id":3296,"href":"https:\/\/develop.nucleo-lc.org\/en\/wp-json\/wp\/v2\/pages\/3192\/revisions\/3296"}],"wp:attachment":[{"href":"https:\/\/develop.nucleo-lc.org\/en\/wp-json\/wp\/v2\/media?parent=3192"}],"curies":[{"name":"wp","href":"https:\/\/api.w.org\/{rel}","templated":true}]}}