{"id":3484,"date":"2021-06-23T22:12:43","date_gmt":"2021-06-23T22:12:43","guid":{"rendered":"https:\/\/develop.nucleo-lc.org\/?page_id=3484"},"modified":"2021-06-23T22:12:43","modified_gmt":"2021-06-23T22:12:43","slug":"arquitectura-y-etnografia","status":"publish","type":"page","link":"https:\/\/develop.nucleo-lc.org\/en\/arquitectura-y-etnografia\/","title":{"rendered":"ARQUITECTURA Y ETNOGRAF\u00cdA"},"content":{"rendered":"<div class=\"wpb-content-wrapper\"><section class=\"l-section wpb_row us_custom_445b4a37 height_medium width_full centrar\"><div class=\"l-section-h i-cf\"><div class=\"g-cols vc_row type_default valign_top\"><div class=\"vc_col-sm-12 wpb_column vc_column_container\"><div class=\"vc_column-inner us_custom_6e59d6f4\"><div class=\"wpb_wrapper\"><section class=\"l-section wpb_row us_custom_821ea863 height_medium width_full centrar\"><div class=\"l-section-h i-cf\"><div class=\"g-cols vc_row type_default valign_top\"><div class=\"vc_col-sm-12 wpb_column vc_column_container\"><div class=\"vc_column-inner us_custom_6e59d6f4\"><div class=\"wpb_wrapper\"><p class=\"w-post-elm post_title us_custom_3516b961 entry-title has_text_color\" itemprop=\"headline\">ARQUITECTURA Y ETNOGRAF\u00cdA<\/p><\/div><\/div><\/div><\/div><\/div><\/section>\n<\/div><\/div><\/div><\/div><\/div><\/section><section class=\"l-section wpb_row us_custom_1629c3a5 height_medium width_full centrar\"><div class=\"l-section-h i-cf\"><div class=\"g-cols vc_row type_default valign_top\"><div class=\"vc_col-sm-12 wpb_column vc_column_container\"><div class=\"vc_column-inner us_custom_6e59d6f4\"><div class=\"wpb_wrapper\"><div class=\"w-separator size_medium\"><\/div><div class=\"wpb_text_column us_custom_19143edb\"><div class=\"wpb_wrapper\"><p>\u00bfC\u00f3mo la investigaci\u00f3n en arquitectura, basada tradicionalmente en la representaci\u00f3n y documentaci\u00f3n cuantitativa, puede enriquecerse con la etnograf\u00eda, reconcili\u00e1ndose con su naturaleza social y fortaleciendo su pensamiento cr\u00edtico?<\/p>\n<p>Reuniendo investigadores de distintos pa\u00edses y trayectorias, el SEMINARIO INTERNACIONAL ARQUITECTURA Y ETNOGRAF\u00cdA propone una instancia \u00fanica para profundizar, tensionar y poner en discusi\u00f3n tanto los cruces como los abordes metodol\u00f3gicos entre ambas tradiciones.<\/p>\n<\/div><\/div><div class=\"w-separator size_medium\"><\/div><\/div><\/div><\/div><\/div><\/div><\/section><section class=\"l-section wpb_row us_custom_e5f9337f height_medium width_full centrar\"><div class=\"l-section-h i-cf\"><div class=\"g-cols vc_row type_default valign_top\"><div class=\"vc_col-sm-12 wpb_column vc_column_container\"><div class=\"vc_column-inner us_custom_6e59d6f4\"><div class=\"wpb_wrapper\"><section class=\"l-section wpb_row us_custom_821ea863 height_medium width_full centrar\" id=\"investigacion\"><div class=\"l-section-h i-cf\"><div class=\"g-cols vc_row type_default valign_top\"><div class=\"vc_col-sm-12 wpb_column vc_column_container\"><div class=\"vc_column-inner us_custom_6e59d6f4\"><div class=\"wpb_wrapper\"><div class=\"wpb_text_column us_custom_3516b961 has_text_color\"><div class=\"wpb_wrapper\"><p>INVESTIGATION<\/p>\n<\/div><\/div><\/div><\/div><\/div><\/div><\/div><\/section>\n<\/div><\/div><\/div><\/div><\/div><\/section><section class=\"l-section wpb_row us_custom_2560697b height_medium width_full\"><div class=\"l-section-h i-cf\"><div class=\"g-cols vc_row type_default valign_top\"><div class=\"vc_col-sm-12 wpb_column vc_column_container\"><div class=\"vc_column-inner\"><div class=\"wpb_wrapper\"><div class=\"w-grid type_grid layout_69 cols_5 ratio_1x1\" id=\"us_grid_1\"><style id=\"us_grid_1_css\">#us_grid_1 .w-grid-item{padding:1.5rem}#us_grid_1 .w-grid-list{margin:-1.5rem}.w-grid + #us_grid_1 .w-grid-list{margin-top:1.5rem}@media (max-width:1199px){#us_grid_1 .w-grid-item{width:33.333333333333%}#us_grid_1 .w-grid-item.size_2x1,#us_grid_1 .w-grid-item.size_2x2{width:66.666666666667%}}@media (max-width:899px){#us_grid_1 .w-grid-item{width:50%}#us_grid_1 .w-grid-item.size_2x1,#us_grid_1 .w-grid-item.size_2x2{width:100%}}@media (max-width:599px){#us_grid_1 .w-grid-list{margin:0}#us_grid_1 .w-grid-item{width:100%;padding:0;margin-bottom:1.5rem}}<\/style><style>.layout_69 .w-grid-item-h:before{padding-bottom:100.0000%}@media (min-width:600px){.layout_69 .w-grid-item.size_1x2 .w-grid-item-h:before{padding-bottom:calc(200% + 1.5rem + 1.5rem)}.layout_69 .w-grid-item.size_2x1 .w-grid-item-h:before{padding-bottom:calc(50% - 1.5rem * 1)}.layout_69 .w-grid-item.size_2x2 .w-grid-item-h:before{padding-bottom:calc(100% - 1.5rem * 0)}}.layout_69 .w-grid-item-h{}.layout_69 .usg_post_image_1{transition-duration:0.3s;transform-origin:50% 50%;transform:scale(1) translate(0%,0%)}.layout_69 .w-grid-item-h:hover .usg_post_image_1{transform:scale(1) translate(0%,0%);opacity:1;border-color:#e41c20!important}.layout_69 .usg_post_image_1{margin-bottom:0.5rem!important;border:4px solid rgba(0,0,0,0)!important}.layout_69 .usg_post_title_1{font-size:1rem!important}<\/style><div class=\"w-grid-list\"><article class=\"w-grid-item size_1x1 post-3497 post type-post status-publish format-standard has-post-thumbnail hentry category-investigacion tag-arquitectura-y-etnografia\" data-id=\"3497\">\r\n\t<div class=\"w-grid-item-h\">\r\n\t\t\t\t<div class=\"w-post-elm post_image usg_post_image_1 stretched\"><a href=\"https:\/\/develop.nucleo-lc.org\/en\/2021\/06\/23\/arquitectura-y-etnografia-jose-abasolo\/\" aria-label=\"La olla com\u00fan \u2014 Taller de investigaci\u00f3n\"><img loading=\"lazy\" decoding=\"async\" width=\"540\" height=\"540\" src=\"https:\/\/develop.nucleo-lc.org\/wp-content\/uploads\/2021\/06\/Sin-ti\u0301tulo-2-copia.jpg\" class=\"attachment-large size-large wp-post-image\" alt=\"\" srcset=\"https:\/\/develop.nucleo-lc.org\/wp-content\/uploads\/2021\/06\/Sin-ti\u0301tulo-2-copia.jpg 540w, https:\/\/develop.nucleo-lc.org\/wp-content\/uploads\/2021\/06\/Sin-ti\u0301tulo-2-copia-300x300.jpg 300w, https:\/\/develop.nucleo-lc.org\/wp-content\/uploads\/2021\/06\/Sin-ti\u0301tulo-2-copia-150x150.jpg 150w, https:\/\/develop.nucleo-lc.org\/wp-content\/uploads\/2021\/06\/Sin-ti\u0301tulo-2-copia-120x120.jpg 120w\" sizes=\"auto, (max-width: 540px) 100vw, 540px\" \/><\/a><\/div><h2 class=\"w-post-elm post_title usg_post_title_1 entry-title color_link_inherit\"><a href=\"https:\/\/develop.nucleo-lc.org\/en\/2021\/06\/23\/arquitectura-y-etnografia-jose-abasolo\/\">La olla com\u00fan \u2014 Taller de investigaci\u00f3n<\/a><\/h2>\t<\/div>\r\n<\/article>\r\n<\/div>\t<div class=\"w-grid-json hidden\" onclick='return {&quot;ajax_url&quot;:&quot;https:\\\/\\\/develop.nucleo-lc.org\\\/wp-admin\\\/admin-ajax.php&quot;,&quot;permalink_url&quot;:&quot;https:\\\/\\\/develop.nucleo-lc.org\\\/en\\\/2021\\\/06\\\/23\\\/arquitectura-y-etnografia-jose-abasolo\\\/&quot;,&quot;action&quot;:&quot;us_ajax_grid&quot;,&quot;max_num_pages&quot;:1,&quot;infinite_scroll&quot;:0,&quot;template_vars&quot;:{&quot;query_args&quot;:{&quot;post_type&quot;:[&quot;post&quot;],&quot;tax_query&quot;:[{&quot;taxonomy&quot;:&quot;category&quot;,&quot;field&quot;:&quot;slug&quot;,&quot;terms&quot;:[&quot;investigacion&quot;]},{&quot;taxonomy&quot;:&quot;post_tag&quot;,&quot;field&quot;:&quot;slug&quot;,&quot;terms&quot;:[&quot;arquitectura-y-etnografia&quot;]}],&quot;post_status&quot;:[&quot;publish&quot;],&quot;orderby&quot;:{&quot;date&quot;:&quot;DESC&quot;},&quot;posts_per_page&quot;:&quot;10&quot;},&quot;post_id&quot;:3484,&quot;us_grid_index&quot;:1,&quot;us_grid_ajax_index&quot;:1,&quot;exclude_items&quot;:&quot;none&quot;,&quot;items_offset&quot;:&quot;1&quot;,&quot;items_layout&quot;:&quot;69&quot;,&quot;type&quot;:&quot;grid&quot;,&quot;columns&quot;:&quot;5&quot;,&quot;img_size&quot;:&quot;default&quot;,&quot;overriding_link&quot;:&quot;none&quot;}}'><\/div>\r\n<\/div><\/div><\/div><\/div><\/div><\/div><\/section><section class=\"l-section wpb_row us_custom_e5f9337f height_medium width_full centrar\"><div class=\"l-section-h i-cf\"><div class=\"g-cols vc_row type_default valign_top\"><div class=\"vc_col-sm-12 wpb_column vc_column_container\"><div class=\"vc_column-inner us_custom_6e59d6f4\"><div class=\"wpb_wrapper\"><section class=\"l-section wpb_row us_custom_821ea863 height_medium width_full centrar\" id=\"articulos\"><div class=\"l-section-h i-cf\"><div class=\"g-cols vc_row type_default valign_top\"><div class=\"vc_col-sm-12 wpb_column vc_column_container\"><div class=\"vc_column-inner us_custom_6e59d6f4\"><div class=\"wpb_wrapper\"><div class=\"wpb_text_column us_custom_3516b961 has_text_color\"><div class=\"wpb_wrapper\"><p>ART\u00cdCULOS<\/p>\n<\/div><\/div><\/div><\/div><\/div><\/div><\/div><\/section>\n<\/div><\/div><\/div><\/div><\/div><\/section><section class=\"l-section wpb_row us_custom_59c37944 height_medium width_full\"><div class=\"l-section-h i-cf\"><div class=\"g-cols vc_row type_default valign_top\"><div class=\"vc_col-sm-1\/5 wpb_column vc_column_container\"><div class=\"vc_column-inner\"><div class=\"wpb_wrapper\"><div class=\"w-text us_custom_d5b68db7 has_text_color\"><a class=\"w-text-h\" href=\"https:\/\/www.researchgate.net\/publication\/351610703_El_Arquitecto_como_etnografo_Trabajo_de_campo_y_representacion_en_las_investigaciones_de_Kon_Wajiro_1917-31\" target=\"_blank\" rel=\"noopener\"><span class=\"w-text-value\">\u201cEl arquitecto como etn\u00f3grafo. Trabajo de campo y representaci\u00f3n en las investigaciones de Kon Wajir\u00f4, 1917-31\u201d \u2014 Jos\u00e9 Ab\u00e1solo en RITA<\/span><\/a><\/div><\/div><\/div><\/div><\/div><\/div><\/section><section class=\"l-section wpb_row us_custom_56953643 height_medium width_full centrar\"><div class=\"l-section-h i-cf\"><div class=\"g-cols vc_row type_default valign_top\"><div class=\"vc_col-sm-12 wpb_column vc_column_container\"><div class=\"vc_column-inner us_custom_6e59d6f4\"><div class=\"wpb_wrapper\"><section class=\"l-section wpb_row us_custom_821ea863 height_medium width_full centrar\" id=\"eventos\"><div class=\"l-section-h i-cf\"><div class=\"g-cols vc_row type_default valign_top\"><div class=\"vc_col-sm-12 wpb_column vc_column_container\"><div class=\"vc_column-inner us_custom_6e59d6f4\"><div class=\"wpb_wrapper\"><div class=\"wpb_text_column us_custom_3516b961 has_text_color\"><div class=\"wpb_wrapper\"><p>EVENTS<\/p>\n<\/div><\/div><\/div><\/div><\/div><\/div><\/div><\/section>\n<\/div><\/div><\/div><\/div><\/div><\/section><section class=\"l-section wpb_row us_custom_f58a0cb9 height_medium width_full\"><div class=\"l-section-h i-cf\"><div class=\"g-cols vc_row type_default valign_top\"><div class=\"vc_col-sm-12 wpb_column vc_column_container\"><div class=\"vc_column-inner\"><div class=\"wpb_wrapper\"><div class=\"w-grid type_grid layout_69 cols_5 ratio_1x1\" id=\"us_grid_2\"><style id=\"us_grid_2_css\">#us_grid_2 .w-grid-item{padding:1.5rem}#us_grid_2 .w-grid-list{margin:-1.5rem}.w-grid + #us_grid_2 .w-grid-list{margin-top:1.5rem}@media (max-width:1199px){#us_grid_2 .w-grid-item{width:33.333333333333%}#us_grid_2 .w-grid-item.size_2x1,#us_grid_2 .w-grid-item.size_2x2{width:66.666666666667%}}@media (max-width:899px){#us_grid_2 .w-grid-item{width:50%}#us_grid_2 .w-grid-item.size_2x1,#us_grid_2 .w-grid-item.size_2x2{width:100%}}@media (max-width:599px){#us_grid_2 .w-grid-list{margin:0}#us_grid_2 .w-grid-item{width:100%;padding:0;margin-bottom:1.5rem}}<\/style><div class=\"w-grid-list\"><article class=\"w-grid-item size_1x1 post-3489 post type-post status-publish format-standard has-post-thumbnail hentry category-eventos tag-arquitectura-y-etnografia\" data-id=\"3489\">\r\n\t<div class=\"w-grid-item-h\">\r\n\t\t\t\t<div class=\"w-post-elm post_image usg_post_image_1 stretched\"><a href=\"https:\/\/develop.nucleo-lc.org\/en\/2021\/06\/23\/arquitectura-y-etnografia-seminario\/\" aria-label=\"Arquitectura y Etnograf\u00eda \u2014 Seminario\"><img loading=\"lazy\" decoding=\"async\" width=\"1024\" height=\"957\" src=\"https:\/\/develop.nucleo-lc.org\/wp-content\/uploads\/2021\/06\/Expertos-nacionales-e-internacionales-dieron-vida-a-seminario-Arquitectura-y-Etnografia-organizado-por-UDLA-1024x957.png\" class=\"attachment-large size-large wp-post-image\" alt=\"\" srcset=\"https:\/\/develop.nucleo-lc.org\/wp-content\/uploads\/2021\/06\/Expertos-nacionales-e-internacionales-dieron-vida-a-seminario-Arquitectura-y-Etnografia-organizado-por-UDLA-1024x957.png 1024w, https:\/\/develop.nucleo-lc.org\/wp-content\/uploads\/2021\/06\/Expertos-nacionales-e-internacionales-dieron-vida-a-seminario-Arquitectura-y-Etnografia-organizado-por-UDLA-300x280.png 300w, https:\/\/develop.nucleo-lc.org\/wp-content\/uploads\/2021\/06\/Expertos-nacionales-e-internacionales-dieron-vida-a-seminario-Arquitectura-y-Etnografia-organizado-por-UDLA-120x112.png 120w, https:\/\/develop.nucleo-lc.org\/wp-content\/uploads\/2021\/06\/Expertos-nacionales-e-internacionales-dieron-vida-a-seminario-Arquitectura-y-Etnografia-organizado-por-UDLA-128x120.png 128w, https:\/\/develop.nucleo-lc.org\/wp-content\/uploads\/2021\/06\/Expertos-nacionales-e-internacionales-dieron-vida-a-seminario-Arquitectura-y-Etnografia-organizado-por-UDLA.png 1381w\" sizes=\"auto, (max-width: 1024px) 100vw, 1024px\" \/><\/a><\/div><h2 class=\"w-post-elm post_title usg_post_title_1 entry-title color_link_inherit\"><a href=\"https:\/\/develop.nucleo-lc.org\/en\/2021\/06\/23\/arquitectura-y-etnografia-seminario\/\">Arquitectura y Etnograf\u00eda \u2014 Seminario<\/a><\/h2>\t<\/div>\r\n<\/article>\r\n<article class=\"w-grid-item size_1x1 post-3494 post type-post status-publish format-standard has-post-thumbnail hentry category-eventos tag-arquitectura-y-etnografia\" data-id=\"3494\">\r\n\t<div class=\"w-grid-item-h\">\r\n\t\t\t\t<div class=\"w-post-elm post_image usg_post_image_1 stretched\"><a href=\"https:\/\/develop.nucleo-lc.org\/en\/2021\/06\/23\/arquitectura-y-etnografia-momoyo-kaijima\/\" aria-label=\"Arquitectura y Etnograf\u00eda \u2014 Momoyo Kaijima\"><img loading=\"lazy\" decoding=\"async\" width=\"1024\" height=\"1024\" src=\"https:\/\/develop.nucleo-lc.org\/wp-content\/uploads\/2021\/06\/Captura-de-Pantalla-2021-06-23-a-las-17.46.15-1024x1024.jpg\" class=\"attachment-large size-large wp-post-image\" alt=\"\" srcset=\"https:\/\/develop.nucleo-lc.org\/wp-content\/uploads\/2021\/06\/Captura-de-Pantalla-2021-06-23-a-las-17.46.15-1024x1024.jpg 1024w, https:\/\/develop.nucleo-lc.org\/wp-content\/uploads\/2021\/06\/Captura-de-Pantalla-2021-06-23-a-las-17.46.15-300x300.jpg 300w, https:\/\/develop.nucleo-lc.org\/wp-content\/uploads\/2021\/06\/Captura-de-Pantalla-2021-06-23-a-las-17.46.15-150x150.jpg 150w, https:\/\/develop.nucleo-lc.org\/wp-content\/uploads\/2021\/06\/Captura-de-Pantalla-2021-06-23-a-las-17.46.15-1536x1536.jpg 1536w, https:\/\/develop.nucleo-lc.org\/wp-content\/uploads\/2021\/06\/Captura-de-Pantalla-2021-06-23-a-las-17.46.15-2048x2048.jpg 2048w, https:\/\/develop.nucleo-lc.org\/wp-content\/uploads\/2021\/06\/Captura-de-Pantalla-2021-06-23-a-las-17.46.15-120x120.jpg 120w\" sizes=\"auto, (max-width: 1024px) 100vw, 1024px\" \/><\/a><\/div><h2 class=\"w-post-elm post_title usg_post_title_1 entry-title color_link_inherit\"><a href=\"https:\/\/develop.nucleo-lc.org\/en\/2021\/06\/23\/arquitectura-y-etnografia-momoyo-kaijima\/\">Arquitectura y Etnograf\u00eda \u2014 Momoyo Kaijima<\/a><\/h2>\t<\/div>\r\n<\/article>\r\n<\/div>\t<div class=\"w-grid-json hidden\" onclick='return {&quot;ajax_url&quot;:&quot;https:\\\/\\\/develop.nucleo-lc.org\\\/wp-admin\\\/admin-ajax.php&quot;,&quot;permalink_url&quot;:&quot;https:\\\/\\\/develop.nucleo-lc.org\\\/en\\\/2021\\\/06\\\/23\\\/arquitectura-y-etnografia-momoyo-kaijima\\\/&quot;,&quot;action&quot;:&quot;us_ajax_grid&quot;,&quot;max_num_pages&quot;:1,&quot;infinite_scroll&quot;:0,&quot;template_vars&quot;:{&quot;query_args&quot;:{&quot;post_type&quot;:[&quot;post&quot;],&quot;tax_query&quot;:[{&quot;taxonomy&quot;:&quot;category&quot;,&quot;field&quot;:&quot;slug&quot;,&quot;terms&quot;:[&quot;eventos&quot;]},{&quot;taxonomy&quot;:&quot;post_tag&quot;,&quot;field&quot;:&quot;slug&quot;,&quot;terms&quot;:[&quot;arquitectura-y-etnografia&quot;]}],&quot;post_status&quot;:[&quot;publish&quot;],&quot;orderby&quot;:{&quot;date&quot;:&quot;DESC&quot;},&quot;posts_per_page&quot;:&quot;10&quot;},&quot;post_id&quot;:3497,&quot;us_grid_index&quot;:2,&quot;us_grid_ajax_index&quot;:1,&quot;exclude_items&quot;:&quot;none&quot;,&quot;items_offset&quot;:&quot;1&quot;,&quot;items_layout&quot;:&quot;69&quot;,&quot;type&quot;:&quot;grid&quot;,&quot;columns&quot;:&quot;5&quot;,&quot;img_size&quot;:&quot;default&quot;,&quot;overriding_link&quot;:&quot;none&quot;}}'><\/div>\r\n<\/div><\/div><\/div><\/div><\/div><\/div><\/section>\n<\/div>","protected":false},"excerpt":{"rendered":"EVENTOSArquitectura y Etnograf\u00eda \u2014 Momoyo KaijimaEn el marco del Primer Seminario de ARQUITECTURA Y ETNOGRAF\u00cdA organizado por la Escuela de Arquitectura de la Universidad de Las Am\u00e9ricas, se desarrolla\u00f3 una clase Magistral a cargo de la destacada arquitecta japonesa Momoyo Kaijima, seguida de una entrevista \u00a0a cargo de Jos\u00e9 Ab\u00e1solo Llar\u00eda y Ricardo Greene. MOMOYO...","protected":false},"author":4,"featured_media":0,"parent":0,"menu_order":0,"comment_status":"closed","ping_status":"closed","template":"","meta":{"footnotes":""},"class_list":["post-3484","page","type-page","status-publish","hentry"],"yoast_head":"<!-- This site is optimized with the Yoast SEO plugin v26.9 - https:\/\/yoast.com\/product\/yoast-seo-wordpress\/ -->\n<title>ARQUITECTURA Y ETNOGRAF\u00cdA - NLC<\/title>\n<meta name=\"robots\" content=\"index, follow, max-snippet:-1, max-image-preview:large, max-video-preview:-1\" \/>\n<link rel=\"canonical\" href=\"https:\/\/develop.nucleo-lc.org\/en\/arquitectura-y-etnografia\/\" \/>\n<meta property=\"og:locale\" content=\"en_US\" \/>\n<meta property=\"og:type\" content=\"article\" \/>\n<meta property=\"og:title\" content=\"ARQUITECTURA Y ETNOGRAF\u00cdA - NLC\" \/>\n<meta property=\"og:url\" content=\"https:\/\/develop.nucleo-lc.org\/en\/arquitectura-y-etnografia\/\" \/>\n<meta property=\"og:site_name\" content=\"NLC\" \/>\n<meta name=\"twitter:card\" content=\"summary_large_image\" \/>\n<meta name=\"twitter:label1\" content=\"Est. reading time\" \/>\n\t<meta name=\"twitter:data1\" content=\"7 minutes\" \/>\n<script type=\"application\/ld+json\" class=\"yoast-schema-graph\">{\"@context\":\"https:\/\/schema.org\",\"@graph\":[{\"@type\":\"WebPage\",\"@id\":\"https:\/\/develop.nucleo-lc.org\/en\/arquitectura-y-etnografia\/\",\"url\":\"https:\/\/develop.nucleo-lc.org\/en\/arquitectura-y-etnografia\/\",\"name\":\"ARQUITECTURA Y ETNOGRAF\u00cdA - NLC\",\"isPartOf\":{\"@id\":\"https:\/\/develop.nucleo-lc.org\/#website\"},\"datePublished\":\"2021-06-23T22:12:43+00:00\",\"breadcrumb\":{\"@id\":\"https:\/\/develop.nucleo-lc.org\/en\/arquitectura-y-etnografia\/#breadcrumb\"},\"inLanguage\":\"en-US\",\"potentialAction\":[{\"@type\":\"ReadAction\",\"target\":[\"https:\/\/develop.nucleo-lc.org\/en\/arquitectura-y-etnografia\/\"]}]},{\"@type\":\"BreadcrumbList\",\"@id\":\"https:\/\/develop.nucleo-lc.org\/en\/arquitectura-y-etnografia\/#breadcrumb\",\"itemListElement\":[{\"@type\":\"ListItem\",\"position\":1,\"name\":\"Portada\",\"item\":\"https:\/\/develop.nucleo-lc.org\/\"},{\"@type\":\"ListItem\",\"position\":2,\"name\":\"ARQUITECTURA Y ETNOGRAF\u00cdA\"}]},{\"@type\":\"WebSite\",\"@id\":\"https:\/\/develop.nucleo-lc.org\/#website\",\"url\":\"https:\/\/develop.nucleo-lc.org\/\",\"name\":\"NLC\",\"description\":\"N\u00daCLEO LENGUAJE CREACI\u00d3N\",\"potentialAction\":[{\"@type\":\"SearchAction\",\"target\":{\"@type\":\"EntryPoint\",\"urlTemplate\":\"https:\/\/develop.nucleo-lc.org\/?s={search_term_string}\"},\"query-input\":{\"@type\":\"PropertyValueSpecification\",\"valueRequired\":true,\"valueName\":\"search_term_string\"}}],\"inLanguage\":\"en-US\"}]}<\/script>\n<!-- \/ Yoast SEO plugin. -->","yoast_head_json":{"title":"ARQUITECTURA Y ETNOGRAF\u00cdA - NLC","robots":{"index":"index","follow":"follow","max-snippet":"max-snippet:-1","max-image-preview":"max-image-preview:large","max-video-preview":"max-video-preview:-1"},"canonical":"https:\/\/develop.nucleo-lc.org\/en\/arquitectura-y-etnografia\/","og_locale":"en_US","og_type":"article","og_title":"ARQUITECTURA Y ETNOGRAF\u00cdA - NLC","og_url":"https:\/\/develop.nucleo-lc.org\/en\/arquitectura-y-etnografia\/","og_site_name":"NLC","twitter_card":"summary_large_image","twitter_misc":{"Est. reading time":"7 minutes"},"schema":{"@context":"https:\/\/schema.org","@graph":[{"@type":"WebPage","@id":"https:\/\/develop.nucleo-lc.org\/en\/arquitectura-y-etnografia\/","url":"https:\/\/develop.nucleo-lc.org\/en\/arquitectura-y-etnografia\/","name":"ARQUITECTURA Y ETNOGRAF\u00cdA - NLC","isPartOf":{"@id":"https:\/\/develop.nucleo-lc.org\/#website"},"datePublished":"2021-06-23T22:12:43+00:00","breadcrumb":{"@id":"https:\/\/develop.nucleo-lc.org\/en\/arquitectura-y-etnografia\/#breadcrumb"},"inLanguage":"en-US","potentialAction":[{"@type":"ReadAction","target":["https:\/\/develop.nucleo-lc.org\/en\/arquitectura-y-etnografia\/"]}]},{"@type":"BreadcrumbList","@id":"https:\/\/develop.nucleo-lc.org\/en\/arquitectura-y-etnografia\/#breadcrumb","itemListElement":[{"@type":"ListItem","position":1,"name":"Portada","item":"https:\/\/develop.nucleo-lc.org\/"},{"@type":"ListItem","position":2,"name":"ARQUITECTURA Y ETNOGRAF\u00cdA"}]},{"@type":"WebSite","@id":"https:\/\/develop.nucleo-lc.org\/#website","url":"https:\/\/develop.nucleo-lc.org\/","name":"NLC","description":"N\u00daCLEO LENGUAJE CREACI\u00d3N","potentialAction":[{"@type":"SearchAction","target":{"@type":"EntryPoint","urlTemplate":"https:\/\/develop.nucleo-lc.org\/?s={search_term_string}"},"query-input":{"@type":"PropertyValueSpecification","valueRequired":true,"valueName":"search_term_string"}}],"inLanguage":"en-US"}]}},"_links":{"self":[{"href":"https:\/\/develop.nucleo-lc.org\/en\/wp-json\/wp\/v2\/pages\/3484","targetHints":{"allow":["GET"]}}],"collection":[{"href":"https:\/\/develop.nucleo-lc.org\/en\/wp-json\/wp\/v2\/pages"}],"about":[{"href":"https:\/\/develop.nucleo-lc.org\/en\/wp-json\/wp\/v2\/types\/page"}],"author":[{"embeddable":true,"href":"https:\/\/develop.nucleo-lc.org\/en\/wp-json\/wp\/v2\/users\/4"}],"replies":[{"embeddable":true,"href":"https:\/\/develop.nucleo-lc.org\/en\/wp-json\/wp\/v2\/comments?post=3484"}],"version-history":[{"count":6,"href":"https:\/\/develop.nucleo-lc.org\/en\/wp-json\/wp\/v2\/pages\/3484\/revisions"}],"predecessor-version":[{"id":3496,"href":"https:\/\/develop.nucleo-lc.org\/en\/wp-json\/wp\/v2\/pages\/3484\/revisions\/3496"}],"wp:attachment":[{"href":"https:\/\/develop.nucleo-lc.org\/en\/wp-json\/wp\/v2\/media?parent=3484"}],"curies":[{"name":"wp","href":"https:\/\/api.w.org\/{rel}","templated":true}]}}