{"id":3557,"date":"2021-07-05T13:38:59","date_gmt":"2021-07-05T13:38:59","guid":{"rendered":"https:\/\/develop.nucleo-lc.org\/?page_id=3557"},"modified":"2021-08-10T22:27:27","modified_gmt":"2021-08-10T22:27:27","slug":"sensible-al-codigo","status":"publish","type":"page","link":"https:\/\/develop.nucleo-lc.org\/en\/sensible-al-codigo\/","title":{"rendered":"SENSIBLE AL C\u00d3DIGO"},"content":{"rendered":"<div class=\"wpb-content-wrapper\"><section class=\"l-section wpb_row us_custom_445b4a37 height_medium width_full centrar\"><div class=\"l-section-h i-cf\"><div class=\"g-cols vc_row type_default valign_top\"><div class=\"vc_col-sm-12 wpb_column vc_column_container\"><div class=\"vc_column-inner us_custom_6e59d6f4\"><div class=\"wpb_wrapper\"><section class=\"l-section wpb_row us_custom_821ea863 height_medium width_full centrar\"><div class=\"l-section-h i-cf\"><div class=\"g-cols vc_row type_default valign_top\"><div class=\"vc_col-sm-12 wpb_column vc_column_container\"><div class=\"vc_column-inner us_custom_6e59d6f4\"><div class=\"wpb_wrapper\"><p class=\"w-post-elm post_title us_custom_3516b961 entry-title has_text_color\" itemprop=\"headline\">SENSIBLE AL C\u00d3DIGO<\/p><\/div><\/div><\/div><\/div><\/div><\/section>\n<\/div><\/div><\/div><\/div><\/div><\/section><section class=\"l-section wpb_row us_custom_1629c3a5 height_medium width_full centrar\"><div class=\"l-section-h i-cf\"><div class=\"g-cols vc_row type_default valign_top\"><div class=\"vc_col-sm-12 wpb_column vc_column_container\"><div class=\"vc_column-inner us_custom_6e59d6f4\"><div class=\"wpb_wrapper\"><div class=\"w-separator size_medium\"><\/div><div class=\"wpb_text_column us_custom_19143edb\"><div class=\"wpb_wrapper\"><p><span style=\"font-weight: 400;\">\u00bfC\u00f3mo generar un proceso creativo cr\u00edtico que involucre la interacci\u00f3n entre humanos y m\u00e1quinas y supere la noci\u00f3n de subordinaci\u00f3n? <\/span><span style=\"font-weight: 400;\">\u00bfDe qu\u00e9 manera podr\u00edamos adaptar las operaciones de modulaci\u00f3n de informaci\u00f3n que posibilitan la automatizaci\u00f3n de lo sensible para obtener un acceso diferente a lo conocido?<\/span><\/p>\n<p><span style=\"font-weight: 400;\">SENSIBLE AL C\u00d3DIGO es un proyecto de investigaci\u00f3n y creaci\u00f3n que explora la utilizaci\u00f3n creativa de algoritmos de aprendizaje maqu\u00ednico y sistemas f\u00edsicos interactivos como interfaces que promueven una manera de acceder a otras dimensiones que parecen exceder nuestras posibilidades sensoriales e interpretativas. Mediante operaciones experimentales de <\/span><i><span style=\"font-weight: 400;\">re-mediaci\u00f3n,<\/span><\/i><span style=\"font-weight: 400;\"> desplegadas tanto en el mundo maqu\u00ednico como en el mundo material, se busca un proceso co-creativo de agencialidad compartida, que asocie a cada una de las partes la posibilidad de codificaci\u00f3n y de manifestaci\u00f3n sensible, y que promueva una mejor comprensi\u00f3n respecto a los diferentes modos de darse de lo que nos rodea, espec\u00edficamente de lo que nos re\u00fane a humanos y a m\u00e1quinas; la construcci\u00f3n y la destrucci\u00f3n.<\/span><\/p>\n<\/div><\/div><div class=\"w-separator size_medium\"><\/div><\/div><\/div><\/div><\/div><\/div><\/section><section class=\"l-section wpb_row us_custom_e5f9337f height_medium width_full centrar\"><div class=\"l-section-h i-cf\"><div class=\"g-cols vc_row type_default valign_top\"><div class=\"vc_col-sm-12 wpb_column vc_column_container\"><div class=\"vc_column-inner us_custom_6e59d6f4\"><div class=\"wpb_wrapper\"><section class=\"l-section wpb_row us_custom_821ea863 height_medium width_full centrar\" id=\"investigacion\"><div class=\"l-section-h i-cf\"><div class=\"g-cols vc_row type_default valign_top\"><div class=\"vc_col-sm-12 wpb_column vc_column_container\"><div class=\"vc_column-inner us_custom_6e59d6f4\"><div class=\"wpb_wrapper\"><div class=\"wpb_text_column us_custom_3516b961 has_text_color\"><div class=\"wpb_wrapper\"><p>INVESTIGATION<\/p>\n<\/div><\/div><\/div><\/div><\/div><\/div><\/div><\/section>\n<\/div><\/div><\/div><\/div><\/div><\/section><section class=\"l-section wpb_row us_custom_2560697b height_medium width_full\"><div class=\"l-section-h i-cf\"><div class=\"g-cols vc_row type_default valign_top\"><div class=\"vc_col-sm-12 wpb_column vc_column_container\"><div class=\"vc_column-inner\"><div class=\"wpb_wrapper\"><div class=\"w-grid type_grid layout_69 cols_5 ratio_1x1\" id=\"us_grid_1\"><style id=\"us_grid_1_css\">#us_grid_1 .w-grid-item{padding:1.5rem}#us_grid_1 .w-grid-list{margin:-1.5rem}.w-grid + #us_grid_1 .w-grid-list{margin-top:1.5rem}@media (max-width:1199px){#us_grid_1 .w-grid-item{width:33.333333333333%}#us_grid_1 .w-grid-item.size_2x1,#us_grid_1 .w-grid-item.size_2x2{width:66.666666666667%}}@media (max-width:899px){#us_grid_1 .w-grid-item{width:50%}#us_grid_1 .w-grid-item.size_2x1,#us_grid_1 .w-grid-item.size_2x2{width:100%}}@media (max-width:599px){#us_grid_1 .w-grid-list{margin:0}#us_grid_1 .w-grid-item{width:100%;padding:0;margin-bottom:1.5rem}}<\/style><style>.layout_69 .w-grid-item-h:before{padding-bottom:100.0000%}@media (min-width:600px){.layout_69 .w-grid-item.size_1x2 .w-grid-item-h:before{padding-bottom:calc(200% + 1.5rem + 1.5rem)}.layout_69 .w-grid-item.size_2x1 .w-grid-item-h:before{padding-bottom:calc(50% - 1.5rem * 1)}.layout_69 .w-grid-item.size_2x2 .w-grid-item-h:before{padding-bottom:calc(100% - 1.5rem * 0)}}.layout_69 .w-grid-item-h{}.layout_69 .usg_post_image_1{transition-duration:0.3s;transform-origin:50% 50%;transform:scale(1) translate(0%,0%)}.layout_69 .w-grid-item-h:hover .usg_post_image_1{transform:scale(1) translate(0%,0%);opacity:1;border-color:#e41c20!important}.layout_69 .usg_post_image_1{margin-bottom:0.5rem!important;border:4px solid rgba(0,0,0,0)!important}.layout_69 .usg_post_title_1{font-size:1rem!important}<\/style><div class=\"w-grid-list\"><article class=\"w-grid-item size_1x1 post-3567 post type-post status-publish format-standard has-post-thumbnail hentry category-investigacion tag-sensible-al-codigo\" data-id=\"3567\">\r\n\t<div class=\"w-grid-item-h\">\r\n\t\t\t\t<div class=\"w-post-elm post_image usg_post_image_1 stretched\"><a href=\"https:\/\/develop.nucleo-lc.org\/en\/2021\/07\/29\/remediacion-maria-jesus-schultz\/\" aria-label=\"Remediaci\u00f3n \u2014 Mar\u00eda Jes\u00fas Schultz\"><img loading=\"lazy\" decoding=\"async\" width=\"600\" height=\"630\" src=\"https:\/\/develop.nucleo-lc.org\/wp-content\/uploads\/2021\/07\/FRAGMENTO-PAN\u0303ITO-SHIPIBO_600.jpg\" class=\"attachment-large size-large wp-post-image\" alt=\"\" srcset=\"https:\/\/develop.nucleo-lc.org\/wp-content\/uploads\/2021\/07\/FRAGMENTO-PAN\u0303ITO-SHIPIBO_600.jpg 600w, https:\/\/develop.nucleo-lc.org\/wp-content\/uploads\/2021\/07\/FRAGMENTO-PAN\u0303ITO-SHIPIBO_600-286x300.jpg 286w, https:\/\/develop.nucleo-lc.org\/wp-content\/uploads\/2021\/07\/FRAGMENTO-PAN\u0303ITO-SHIPIBO_600-120x126.jpg 120w, https:\/\/develop.nucleo-lc.org\/wp-content\/uploads\/2021\/07\/FRAGMENTO-PAN\u0303ITO-SHIPIBO_600-114x120.jpg 114w\" sizes=\"auto, (max-width: 600px) 100vw, 600px\" \/><\/a><\/div><h2 class=\"w-post-elm post_title usg_post_title_1 entry-title color_link_inherit\"><a href=\"https:\/\/develop.nucleo-lc.org\/en\/2021\/07\/29\/remediacion-maria-jesus-schultz\/\">Remediaci\u00f3n \u2014 Mar\u00eda Jes\u00fas Schultz<\/a><\/h2>\t<\/div>\r\n<\/article>\r\n<article class=\"w-grid-item size_1x1 post-3575 post type-post status-publish format-standard has-post-thumbnail hentry category-investigacion tag-sensible-al-codigo\" data-id=\"3575\">\r\n\t<div class=\"w-grid-item-h\">\r\n\t\t\t\t<div class=\"w-post-elm post_image usg_post_image_1 stretched\"><a href=\"https:\/\/develop.nucleo-lc.org\/en\/2021\/07\/29\/vinculos-tecno-corporales-maria-jesus-schultz\/\" aria-label=\"V\u00ednculos tecno-corporales \u2014 Mar\u00eda Jes\u00fas Schultz\"><img loading=\"lazy\" decoding=\"async\" width=\"1024\" height=\"1024\" src=\"https:\/\/develop.nucleo-lc.org\/wp-content\/uploads\/2021\/07\/Copia-de-21_1200-1024x1024.jpg\" class=\"attachment-large size-large wp-post-image\" alt=\"\" srcset=\"https:\/\/develop.nucleo-lc.org\/wp-content\/uploads\/2021\/07\/Copia-de-21_1200-1024x1024.jpg 1024w, https:\/\/develop.nucleo-lc.org\/wp-content\/uploads\/2021\/07\/Copia-de-21_1200-300x300.jpg 300w, https:\/\/develop.nucleo-lc.org\/wp-content\/uploads\/2021\/07\/Copia-de-21_1200-150x150.jpg 150w, https:\/\/develop.nucleo-lc.org\/wp-content\/uploads\/2021\/07\/Copia-de-21_1200-120x120.jpg 120w, https:\/\/develop.nucleo-lc.org\/wp-content\/uploads\/2021\/07\/Copia-de-21_1200.jpg 1200w\" sizes=\"auto, (max-width: 1024px) 100vw, 1024px\" \/><\/a><\/div><h2 class=\"w-post-elm post_title usg_post_title_1 entry-title color_link_inherit\"><a href=\"https:\/\/develop.nucleo-lc.org\/en\/2021\/07\/29\/vinculos-tecno-corporales-maria-jesus-schultz\/\">V\u00ednculos tecno-corporales \u2014 Mar\u00eda Jes\u00fas Schultz<\/a><\/h2>\t<\/div>\r\n<\/article>\r\n<article class=\"w-grid-item size_1x1 post-3653 post type-post status-publish format-standard has-post-thumbnail hentry category-investigacion tag-sensible-al-codigo\" data-id=\"3653\">\r\n\t<div class=\"w-grid-item-h\">\r\n\t\t\t\t<div class=\"w-post-elm post_image usg_post_image_1 stretched\"><a href=\"https:\/\/develop.nucleo-lc.org\/en\/2021\/09\/21\/cuerpo-y-territorio\/\" aria-label=\"Sensible al C\u00f3digo \u2014 CUERPO \/ TERRITORIO\"><img loading=\"lazy\" decoding=\"async\" width=\"1024\" height=\"1024\" src=\"https:\/\/develop.nucleo-lc.org\/wp-content\/uploads\/2021\/09\/2img000000154.png\" class=\"attachment-large size-large wp-post-image\" alt=\"\" srcset=\"https:\/\/develop.nucleo-lc.org\/wp-content\/uploads\/2021\/09\/2img000000154.png 1024w, https:\/\/develop.nucleo-lc.org\/wp-content\/uploads\/2021\/09\/2img000000154-300x300.png 300w, https:\/\/develop.nucleo-lc.org\/wp-content\/uploads\/2021\/09\/2img000000154-150x150.png 150w, https:\/\/develop.nucleo-lc.org\/wp-content\/uploads\/2021\/09\/2img000000154-120x120.png 120w\" sizes=\"auto, (max-width: 1024px) 100vw, 1024px\" \/><\/a><\/div><h2 class=\"w-post-elm post_title usg_post_title_1 entry-title color_link_inherit\"><a href=\"https:\/\/develop.nucleo-lc.org\/en\/2021\/09\/21\/cuerpo-y-territorio\/\">Sensible al C\u00f3digo \u2014 CUERPO \/ TERRITORIO<\/a><\/h2>\t<\/div>\r\n<\/article>\r\n<article class=\"w-grid-item size_1x1 post-3655 post type-post status-publish format-standard has-post-thumbnail hentry category-investigacion tag-sensible-al-codigo\" data-id=\"3655\">\r\n\t<div class=\"w-grid-item-h\">\r\n\t\t\t\t<div class=\"w-post-elm post_image usg_post_image_1 stretched\"><a href=\"https:\/\/develop.nucleo-lc.org\/en\/2021\/09\/21\/imagen-y-sonido\/\" aria-label=\"Sensible al C\u00f3digo \u2014 IMAGEN \/ SONIDO\"><img loading=\"lazy\" decoding=\"async\" width=\"894\" height=\"894\" src=\"https:\/\/develop.nucleo-lc.org\/wp-content\/uploads\/2021\/09\/WhatsApp-Image-2021-09-08-at-16.14.00_thumbnail.jpg\" class=\"attachment-large size-large wp-post-image\" alt=\"\" srcset=\"https:\/\/develop.nucleo-lc.org\/wp-content\/uploads\/2021\/09\/WhatsApp-Image-2021-09-08-at-16.14.00_thumbnail.jpg 894w, https:\/\/develop.nucleo-lc.org\/wp-content\/uploads\/2021\/09\/WhatsApp-Image-2021-09-08-at-16.14.00_thumbnail-300x300.jpg 300w, https:\/\/develop.nucleo-lc.org\/wp-content\/uploads\/2021\/09\/WhatsApp-Image-2021-09-08-at-16.14.00_thumbnail-150x150.jpg 150w, https:\/\/develop.nucleo-lc.org\/wp-content\/uploads\/2021\/09\/WhatsApp-Image-2021-09-08-at-16.14.00_thumbnail-120x120.jpg 120w\" sizes=\"auto, (max-width: 894px) 100vw, 894px\" \/><\/a><\/div><h2 class=\"w-post-elm post_title usg_post_title_1 entry-title color_link_inherit\"><a href=\"https:\/\/develop.nucleo-lc.org\/en\/2021\/09\/21\/imagen-y-sonido\/\">Sensible al C\u00f3digo \u2014 IMAGEN \/ SONIDO<\/a><\/h2>\t<\/div>\r\n<\/article>\r\n<\/div>\t<div class=\"w-grid-json hidden\" onclick='return {&quot;ajax_url&quot;:&quot;https:\\\/\\\/develop.nucleo-lc.org\\\/wp-admin\\\/admin-ajax.php&quot;,&quot;permalink_url&quot;:&quot;https:\\\/\\\/develop.nucleo-lc.org\\\/en\\\/2021\\\/09\\\/21\\\/imagen-y-sonido\\\/&quot;,&quot;action&quot;:&quot;us_ajax_grid&quot;,&quot;max_num_pages&quot;:1,&quot;infinite_scroll&quot;:0,&quot;template_vars&quot;:{&quot;query_args&quot;:{&quot;post_type&quot;:[&quot;post&quot;],&quot;tax_query&quot;:[{&quot;taxonomy&quot;:&quot;category&quot;,&quot;field&quot;:&quot;slug&quot;,&quot;terms&quot;:[&quot;investigacion&quot;]},{&quot;taxonomy&quot;:&quot;post_tag&quot;,&quot;field&quot;:&quot;slug&quot;,&quot;terms&quot;:[&quot;sensible-al-codigo&quot;]}],&quot;post_status&quot;:[&quot;publish&quot;],&quot;orderby&quot;:{&quot;date&quot;:&quot;ASC&quot;},&quot;posts_per_page&quot;:&quot;10&quot;},&quot;post_id&quot;:3557,&quot;us_grid_index&quot;:1,&quot;us_grid_ajax_index&quot;:1,&quot;exclude_items&quot;:&quot;none&quot;,&quot;items_offset&quot;:&quot;1&quot;,&quot;items_layout&quot;:&quot;69&quot;,&quot;type&quot;:&quot;grid&quot;,&quot;columns&quot;:&quot;5&quot;,&quot;img_size&quot;:&quot;default&quot;,&quot;overriding_link&quot;:&quot;none&quot;}}'><\/div>\r\n<\/div><\/div><\/div><\/div><\/div><\/div><\/section>\n<\/div>","protected":false},"excerpt":{"rendered":"SENSIBLE AL C\u00d3DIGO IMAGEN \/ SONIDOTransitar entre modos y dimensiones, pasar de lo sensible a lo codificado, de lo biol\u00f3gico a lo maqu\u00ednico, de lo neuronal a lo algor\u00edtmico, de lo visual a lo t\u00e1ctil y sonoro, y de la extracci\u00f3n a la remediaci\u00f3n, ha implicado para el \u00e1tomo de cobre, no solo ser extra\u00eddo,...","protected":false},"author":4,"featured_media":0,"parent":0,"menu_order":0,"comment_status":"closed","ping_status":"closed","template":"","meta":{"footnotes":""},"class_list":["post-3557","page","type-page","status-publish","hentry"],"yoast_head":"<!-- This site is optimized with the Yoast SEO plugin v26.9 - https:\/\/yoast.com\/product\/yoast-seo-wordpress\/ -->\n<title>SENSIBLE AL C\u00d3DIGO - NLC<\/title>\n<meta name=\"robots\" content=\"index, follow, max-snippet:-1, max-image-preview:large, max-video-preview:-1\" \/>\n<link rel=\"canonical\" href=\"https:\/\/develop.nucleo-lc.org\/en\/sensible-al-codigo\/\" \/>\n<meta property=\"og:locale\" content=\"en_US\" \/>\n<meta property=\"og:type\" content=\"article\" \/>\n<meta property=\"og:title\" content=\"SENSIBLE AL C\u00d3DIGO - NLC\" \/>\n<meta property=\"og:url\" content=\"https:\/\/develop.nucleo-lc.org\/en\/sensible-al-codigo\/\" \/>\n<meta property=\"og:site_name\" content=\"NLC\" \/>\n<meta property=\"article:modified_time\" content=\"2021-08-10T22:27:27+00:00\" \/>\n<meta name=\"twitter:card\" content=\"summary_large_image\" \/>\n<meta name=\"twitter:label1\" content=\"Est. reading time\" \/>\n\t<meta name=\"twitter:data1\" content=\"4 minutes\" \/>\n<script type=\"application\/ld+json\" class=\"yoast-schema-graph\">{\"@context\":\"https:\/\/schema.org\",\"@graph\":[{\"@type\":\"WebPage\",\"@id\":\"https:\/\/develop.nucleo-lc.org\/sensible-al-codigo\/\",\"url\":\"https:\/\/develop.nucleo-lc.org\/sensible-al-codigo\/\",\"name\":\"SENSIBLE AL C\u00d3DIGO - NLC\",\"isPartOf\":{\"@id\":\"https:\/\/develop.nucleo-lc.org\/#website\"},\"datePublished\":\"2021-07-05T13:38:59+00:00\",\"dateModified\":\"2021-08-10T22:27:27+00:00\",\"breadcrumb\":{\"@id\":\"https:\/\/develop.nucleo-lc.org\/sensible-al-codigo\/#breadcrumb\"},\"inLanguage\":\"en-US\",\"potentialAction\":[{\"@type\":\"ReadAction\",\"target\":[\"https:\/\/develop.nucleo-lc.org\/sensible-al-codigo\/\"]}]},{\"@type\":\"BreadcrumbList\",\"@id\":\"https:\/\/develop.nucleo-lc.org\/sensible-al-codigo\/#breadcrumb\",\"itemListElement\":[{\"@type\":\"ListItem\",\"position\":1,\"name\":\"Portada\",\"item\":\"https:\/\/develop.nucleo-lc.org\/\"},{\"@type\":\"ListItem\",\"position\":2,\"name\":\"SENSIBLE AL C\u00d3DIGO\"}]},{\"@type\":\"WebSite\",\"@id\":\"https:\/\/develop.nucleo-lc.org\/#website\",\"url\":\"https:\/\/develop.nucleo-lc.org\/\",\"name\":\"NLC\",\"description\":\"N\u00daCLEO LENGUAJE CREACI\u00d3N\",\"potentialAction\":[{\"@type\":\"SearchAction\",\"target\":{\"@type\":\"EntryPoint\",\"urlTemplate\":\"https:\/\/develop.nucleo-lc.org\/?s={search_term_string}\"},\"query-input\":{\"@type\":\"PropertyValueSpecification\",\"valueRequired\":true,\"valueName\":\"search_term_string\"}}],\"inLanguage\":\"en-US\"}]}<\/script>\n<!-- \/ Yoast SEO plugin. -->","yoast_head_json":{"title":"SENSIBLE AL C\u00d3DIGO - NLC","robots":{"index":"index","follow":"follow","max-snippet":"max-snippet:-1","max-image-preview":"max-image-preview:large","max-video-preview":"max-video-preview:-1"},"canonical":"https:\/\/develop.nucleo-lc.org\/en\/sensible-al-codigo\/","og_locale":"en_US","og_type":"article","og_title":"SENSIBLE AL C\u00d3DIGO - NLC","og_url":"https:\/\/develop.nucleo-lc.org\/en\/sensible-al-codigo\/","og_site_name":"NLC","article_modified_time":"2021-08-10T22:27:27+00:00","twitter_card":"summary_large_image","twitter_misc":{"Est. reading time":"4 minutes"},"schema":{"@context":"https:\/\/schema.org","@graph":[{"@type":"WebPage","@id":"https:\/\/develop.nucleo-lc.org\/sensible-al-codigo\/","url":"https:\/\/develop.nucleo-lc.org\/sensible-al-codigo\/","name":"SENSIBLE AL C\u00d3DIGO - NLC","isPartOf":{"@id":"https:\/\/develop.nucleo-lc.org\/#website"},"datePublished":"2021-07-05T13:38:59+00:00","dateModified":"2021-08-10T22:27:27+00:00","breadcrumb":{"@id":"https:\/\/develop.nucleo-lc.org\/sensible-al-codigo\/#breadcrumb"},"inLanguage":"en-US","potentialAction":[{"@type":"ReadAction","target":["https:\/\/develop.nucleo-lc.org\/sensible-al-codigo\/"]}]},{"@type":"BreadcrumbList","@id":"https:\/\/develop.nucleo-lc.org\/sensible-al-codigo\/#breadcrumb","itemListElement":[{"@type":"ListItem","position":1,"name":"Portada","item":"https:\/\/develop.nucleo-lc.org\/"},{"@type":"ListItem","position":2,"name":"SENSIBLE AL C\u00d3DIGO"}]},{"@type":"WebSite","@id":"https:\/\/develop.nucleo-lc.org\/#website","url":"https:\/\/develop.nucleo-lc.org\/","name":"NLC","description":"N\u00daCLEO LENGUAJE CREACI\u00d3N","potentialAction":[{"@type":"SearchAction","target":{"@type":"EntryPoint","urlTemplate":"https:\/\/develop.nucleo-lc.org\/?s={search_term_string}"},"query-input":{"@type":"PropertyValueSpecification","valueRequired":true,"valueName":"search_term_string"}}],"inLanguage":"en-US"}]}},"_links":{"self":[{"href":"https:\/\/develop.nucleo-lc.org\/en\/wp-json\/wp\/v2\/pages\/3557","targetHints":{"allow":["GET"]}}],"collection":[{"href":"https:\/\/develop.nucleo-lc.org\/en\/wp-json\/wp\/v2\/pages"}],"about":[{"href":"https:\/\/develop.nucleo-lc.org\/en\/wp-json\/wp\/v2\/types\/page"}],"author":[{"embeddable":true,"href":"https:\/\/develop.nucleo-lc.org\/en\/wp-json\/wp\/v2\/users\/4"}],"replies":[{"embeddable":true,"href":"https:\/\/develop.nucleo-lc.org\/en\/wp-json\/wp\/v2\/comments?post=3557"}],"version-history":[{"count":8,"href":"https:\/\/develop.nucleo-lc.org\/en\/wp-json\/wp\/v2\/pages\/3557\/revisions"}],"predecessor-version":[{"id":3609,"href":"https:\/\/develop.nucleo-lc.org\/en\/wp-json\/wp\/v2\/pages\/3557\/revisions\/3609"}],"wp:attachment":[{"href":"https:\/\/develop.nucleo-lc.org\/en\/wp-json\/wp\/v2\/media?parent=3557"}],"curies":[{"name":"wp","href":"https:\/\/api.w.org\/{rel}","templated":true}]}}