{"id":921,"date":"2020-05-19T16:01:37","date_gmt":"2020-05-19T16:01:37","guid":{"rendered":"https:\/\/develop.nucleo-lc.org\/?page_id=921"},"modified":"2021-02-05T20:16:07","modified_gmt":"2021-02-05T20:16:07","slug":"residencia-nlc","status":"publish","type":"page","link":"https:\/\/develop.nucleo-lc.org\/en\/residencia-nlc\/","title":{"rendered":"RESIDENCIA NLC"},"content":{"rendered":"<div class=\"wpb-content-wrapper\"><section class=\"l-section wpb_row us_custom_445b4a37 height_medium width_full centrar\"><div class=\"l-section-h i-cf\"><div class=\"g-cols vc_row type_default valign_top\"><div class=\"vc_col-sm-12 wpb_column vc_column_container\"><div class=\"vc_column-inner\"><div class=\"wpb_wrapper\"><section class=\"l-section wpb_row us_custom_821ea863 height_medium width_full centrar\"><div class=\"l-section-h i-cf\"><div class=\"g-cols vc_row type_default valign_top\"><div class=\"vc_col-sm-12 wpb_column vc_column_container\"><div class=\"vc_column-inner us_custom_6e59d6f4\"><div class=\"wpb_wrapper\"><p class=\"w-post-elm post_title us_custom_3516b961 entry-title has_text_color\" itemprop=\"headline\">RESIDENCIA NLC<\/p><\/div><\/div><\/div><\/div><\/div><\/section>\n<\/div><\/div><\/div><\/div><\/div><\/section><section class=\"l-section wpb_row us_custom_24a3d949 height_medium width_full centrar\"><div class=\"l-section-h i-cf\"><div class=\"g-cols vc_row type_default valign_top\"><div class=\"vc_col-sm-12 wpb_column vc_column_container\"><div class=\"vc_column-inner us_custom_6e59d6f4\"><div class=\"wpb_wrapper\"><div class=\"w-separator size_medium\"><\/div><\/div><\/div><\/div><\/div><\/div><\/section><section class=\"l-section wpb_row us_custom_24a3d949 height_medium width_full centrar\"><div class=\"l-section-h i-cf\"><div class=\"g-cols vc_row type_default valign_top\"><div class=\"vc_col-sm-8 wpb_column vc_column_container\"><div class=\"vc_column-inner\"><div class=\"wpb_wrapper\"><div class=\"wpb_text_column us_custom_19143edb\"><div class=\"wpb_wrapper\"><p>El programa de residencias del N\u00facleo, sit\u00faa las pr\u00e1cticas art\u00edsticas de investigaci\u00f3n y creaci\u00f3n al centro de la Facultad, como estrategia para promover la colaboraci\u00f3n acad\u00e9mica interdisciplinaria.<\/p>\n<\/div><\/div><\/div><\/div><\/div><div class=\"vc_col-sm-2 wpb_column vc_column_container\"><div class=\"vc_column-inner\"><div class=\"wpb_wrapper\"><\/div><\/div><\/div><\/div><\/div><\/section><section class=\"l-section wpb_row us_custom_24a3d949 height_medium width_full centrar\"><div class=\"l-section-h i-cf\"><div class=\"g-cols vc_row type_default valign_top\"><div class=\"vc_col-sm-12 wpb_column vc_column_container\"><div class=\"vc_column-inner us_custom_6e59d6f4\"><div class=\"wpb_wrapper\"><div class=\"w-separator size_medium\"><\/div><\/div><\/div><\/div><\/div><\/div><\/section><section class=\"l-section wpb_row us_custom_5aa180d2 height_medium width_full\"><div class=\"l-section-h i-cf\"><div class=\"g-cols vc_row type_default valign_top\"><div class=\"vc_col-sm-12 wpb_column vc_column_container\"><div class=\"vc_column-inner\"><div class=\"wpb_wrapper\"><div class=\"w-grid type_carousel layout_261 ratio_custom\" id=\"us_grid_1\"><style id=\"us_grid_1_css\">#us_grid_1 .owl-nav div{font-size:1.3rem}<\/style><style>.layout_261 .w-grid-item-h:before{padding-bottom:57.1429%}.layout_261 .w-grid-item-h{}.layout_261 .usg_post_image_1{width:100%!important;height:100%!important;max-width:100%!important;max-height:100%!important;min-width:100%!important;min-height:100%!important;position:absolute!important}<\/style><div class=\"w-grid-list owl-carousel navstyle_block navpos_inside\"><article class=\"w-grid-item post-1887 attachment type-attachment status-inherit hentry\" data-id=\"1887\">\r\n\t<div class=\"w-grid-item-h\">\r\n\t\t\t\t<div class=\"w-post-elm post_image usg_post_image_1 stretched has_width has_height\"><a href=\"https:\/\/develop.nucleo-lc.org\/wp-content\/uploads\/2020\/06\/Captura-de-Pantalla-2020-06-12-a-las-13.06.40-copia.jpg\" ref=\"magnificPopup\" aria-label=\"Captura de Pantalla 2020-06-12 a la(s) 13.06.40 copia\"><img loading=\"lazy\" decoding=\"async\" width=\"1600\" height=\"1200\" src=\"https:\/\/develop.nucleo-lc.org\/wp-content\/uploads\/2020\/06\/Captura-de-Pantalla-2020-06-12-a-las-13.06.40-copia.jpg\" class=\"attachment- size-\" alt=\"\" srcset=\"https:\/\/develop.nucleo-lc.org\/wp-content\/uploads\/2020\/06\/Captura-de-Pantalla-2020-06-12-a-las-13.06.40-copia.jpg 1600w, https:\/\/develop.nucleo-lc.org\/wp-content\/uploads\/2020\/06\/Captura-de-Pantalla-2020-06-12-a-las-13.06.40-copia-300x225.jpg 300w, https:\/\/develop.nucleo-lc.org\/wp-content\/uploads\/2020\/06\/Captura-de-Pantalla-2020-06-12-a-las-13.06.40-copia-1024x768.jpg 1024w, https:\/\/develop.nucleo-lc.org\/wp-content\/uploads\/2020\/06\/Captura-de-Pantalla-2020-06-12-a-las-13.06.40-copia-1536x1152.jpg 1536w\" sizes=\"auto, (max-width: 1600px) 100vw, 1600px\" \/><\/a><\/div>\t<\/div>\r\n<\/article>\r\n<article class=\"w-grid-item post-3344 attachment type-attachment status-inherit hentry\" data-id=\"3344\">\r\n\t<div class=\"w-grid-item-h\">\r\n\t\t\t\t<div class=\"w-post-elm post_image usg_post_image_1 stretched has_width has_height\"><a href=\"https:\/\/develop.nucleo-lc.org\/wp-content\/uploads\/2020\/12\/teamo.jpg\" ref=\"magnificPopup\" aria-label=\"teamo\"><img loading=\"lazy\" decoding=\"async\" width=\"1550\" height=\"893\" src=\"https:\/\/develop.nucleo-lc.org\/wp-content\/uploads\/2020\/12\/teamo.jpg\" class=\"attachment- size-\" alt=\"\" srcset=\"https:\/\/develop.nucleo-lc.org\/wp-content\/uploads\/2020\/12\/teamo.jpg 1550w, https:\/\/develop.nucleo-lc.org\/wp-content\/uploads\/2020\/12\/teamo-300x173.jpg 300w, https:\/\/develop.nucleo-lc.org\/wp-content\/uploads\/2020\/12\/teamo-1024x590.jpg 1024w, https:\/\/develop.nucleo-lc.org\/wp-content\/uploads\/2020\/12\/teamo-1536x885.jpg 1536w, https:\/\/develop.nucleo-lc.org\/wp-content\/uploads\/2020\/12\/teamo-120x69.jpg 120w, https:\/\/develop.nucleo-lc.org\/wp-content\/uploads\/2020\/12\/teamo-180x104.jpg 180w\" sizes=\"auto, (max-width: 1550px) 100vw, 1550px\" \/><\/a><\/div>\t<\/div>\r\n<\/article>\r\n<article class=\"w-grid-item post-1888 attachment type-attachment status-inherit hentry\" data-id=\"1888\">\r\n\t<div class=\"w-grid-item-h\">\r\n\t\t\t\t<div class=\"w-post-elm post_image usg_post_image_1 stretched has_width has_height\"><a href=\"https:\/\/develop.nucleo-lc.org\/wp-content\/uploads\/2020\/06\/DSC05514-copia.jpg\" ref=\"magnificPopup\" aria-label=\"SONY DSC\"><img loading=\"lazy\" decoding=\"async\" width=\"1800\" height=\"1200\" src=\"https:\/\/develop.nucleo-lc.org\/wp-content\/uploads\/2020\/06\/DSC05514-copia.jpg\" class=\"attachment- size-\" alt=\"\" srcset=\"https:\/\/develop.nucleo-lc.org\/wp-content\/uploads\/2020\/06\/DSC05514-copia.jpg 1800w, https:\/\/develop.nucleo-lc.org\/wp-content\/uploads\/2020\/06\/DSC05514-copia-300x200.jpg 300w, https:\/\/develop.nucleo-lc.org\/wp-content\/uploads\/2020\/06\/DSC05514-copia-1024x683.jpg 1024w, https:\/\/develop.nucleo-lc.org\/wp-content\/uploads\/2020\/06\/DSC05514-copia-1536x1024.jpg 1536w\" sizes=\"auto, (max-width: 1800px) 100vw, 1800px\" \/><\/a><\/div>\t<\/div>\r\n<\/article>\r\n<article class=\"w-grid-item post-3343 attachment type-attachment status-inherit hentry\" data-id=\"3343\">\r\n\t<div class=\"w-grid-item-h\">\r\n\t\t\t\t<div class=\"w-post-elm post_image usg_post_image_1 stretched has_width has_height\"><a href=\"https:\/\/develop.nucleo-lc.org\/wp-content\/uploads\/2020\/12\/Captura-de-Pantalla-2020-10-13-a-las-10.56.57.jpg\" ref=\"magnificPopup\" aria-label=\"Captura-de-Pantalla-2020-10-13-a-la(s)-10.56.57\"><img loading=\"lazy\" decoding=\"async\" width=\"1550\" height=\"893\" src=\"https:\/\/develop.nucleo-lc.org\/wp-content\/uploads\/2020\/12\/Captura-de-Pantalla-2020-10-13-a-las-10.56.57.jpg\" class=\"attachment- size-\" alt=\"\" srcset=\"https:\/\/develop.nucleo-lc.org\/wp-content\/uploads\/2020\/12\/Captura-de-Pantalla-2020-10-13-a-las-10.56.57.jpg 1550w, https:\/\/develop.nucleo-lc.org\/wp-content\/uploads\/2020\/12\/Captura-de-Pantalla-2020-10-13-a-las-10.56.57-300x173.jpg 300w, https:\/\/develop.nucleo-lc.org\/wp-content\/uploads\/2020\/12\/Captura-de-Pantalla-2020-10-13-a-las-10.56.57-1024x590.jpg 1024w, https:\/\/develop.nucleo-lc.org\/wp-content\/uploads\/2020\/12\/Captura-de-Pantalla-2020-10-13-a-las-10.56.57-1536x885.jpg 1536w, https:\/\/develop.nucleo-lc.org\/wp-content\/uploads\/2020\/12\/Captura-de-Pantalla-2020-10-13-a-las-10.56.57-120x69.jpg 120w, https:\/\/develop.nucleo-lc.org\/wp-content\/uploads\/2020\/12\/Captura-de-Pantalla-2020-10-13-a-las-10.56.57-180x104.jpg 180w\" sizes=\"auto, (max-width: 1550px) 100vw, 1550px\" \/><\/a><\/div>\t<\/div>\r\n<\/article>\r\n<article class=\"w-grid-item post-1897 attachment type-attachment status-inherit hentry\" data-id=\"1897\">\r\n\t<div class=\"w-grid-item-h\">\r\n\t\t\t\t<div class=\"w-post-elm post_image usg_post_image_1 stretched has_width has_height\"><a href=\"https:\/\/develop.nucleo-lc.org\/wp-content\/uploads\/2020\/06\/inauguracio\u0301n8-1.jpg\" ref=\"magnificPopup\" aria-label=\"inauguracio\u0301n8\"><img loading=\"lazy\" decoding=\"async\" width=\"1600\" height=\"1200\" src=\"https:\/\/develop.nucleo-lc.org\/wp-content\/uploads\/2020\/06\/inauguracio\u0301n8-1.jpg\" class=\"attachment- size-\" alt=\"\" srcset=\"https:\/\/develop.nucleo-lc.org\/wp-content\/uploads\/2020\/06\/inauguracio\u0301n8-1.jpg 1600w, https:\/\/develop.nucleo-lc.org\/wp-content\/uploads\/2020\/06\/inauguracio\u0301n8-1-300x225.jpg 300w, https:\/\/develop.nucleo-lc.org\/wp-content\/uploads\/2020\/06\/inauguracio\u0301n8-1-1024x768.jpg 1024w, https:\/\/develop.nucleo-lc.org\/wp-content\/uploads\/2020\/06\/inauguracio\u0301n8-1-1536x1152.jpg 1536w\" sizes=\"auto, (max-width: 1600px) 100vw, 1600px\" \/><\/a><\/div>\t<\/div>\r\n<\/article>\r\n<article class=\"w-grid-item post-3342 attachment type-attachment status-inherit hentry\" data-id=\"3342\">\r\n\t<div class=\"w-grid-item-h\">\r\n\t\t\t\t<div class=\"w-post-elm post_image usg_post_image_1 stretched has_width has_height\"><a href=\"https:\/\/develop.nucleo-lc.org\/wp-content\/uploads\/2020\/12\/DSC0971_SFW.jpg\" ref=\"magnificPopup\" aria-label=\"_DSC0971_SFW\"><img loading=\"lazy\" decoding=\"async\" width=\"1550\" height=\"893\" src=\"https:\/\/develop.nucleo-lc.org\/wp-content\/uploads\/2020\/12\/DSC0971_SFW.jpg\" class=\"attachment- size-\" alt=\"\" srcset=\"https:\/\/develop.nucleo-lc.org\/wp-content\/uploads\/2020\/12\/DSC0971_SFW.jpg 1550w, https:\/\/develop.nucleo-lc.org\/wp-content\/uploads\/2020\/12\/DSC0971_SFW-300x173.jpg 300w, https:\/\/develop.nucleo-lc.org\/wp-content\/uploads\/2020\/12\/DSC0971_SFW-1024x590.jpg 1024w, https:\/\/develop.nucleo-lc.org\/wp-content\/uploads\/2020\/12\/DSC0971_SFW-1536x885.jpg 1536w, https:\/\/develop.nucleo-lc.org\/wp-content\/uploads\/2020\/12\/DSC0971_SFW-120x69.jpg 120w, https:\/\/develop.nucleo-lc.org\/wp-content\/uploads\/2020\/12\/DSC0971_SFW-180x104.jpg 180w\" sizes=\"auto, (max-width: 1550px) 100vw, 1550px\" \/><\/a><\/div>\t<\/div>\r\n<\/article>\r\n<\/div>\t<div class=\"g-preloader type_1\">\r\n\t\t<div><\/div>\r\n\t<\/div>\r\n\t\t<div class=\"w-grid-json hidden\" onclick='return {&quot;ajax_url&quot;:&quot;https:\\\/\\\/develop.nucleo-lc.org\\\/wp-admin\\\/admin-ajax.php&quot;,&quot;permalink_url&quot;:&quot;https:\\\/\\\/develop.nucleo-lc.org\\\/en\\\/residencia-nlc\\\/_dsc0971_sfw\\\/&quot;,&quot;action&quot;:&quot;us_ajax_grid&quot;,&quot;max_num_pages&quot;:1,&quot;infinite_scroll&quot;:0,&quot;template_vars&quot;:{&quot;query_args&quot;:{&quot;post_type&quot;:[&quot;attachment&quot;],&quot;post__in&quot;:[&quot;1887&quot;,&quot;3344&quot;,&quot;1888&quot;,&quot;3343&quot;,&quot;1897&quot;,&quot;3342&quot;],&quot;post_status&quot;:&quot;inherit&quot;,&quot;post_mime_type&quot;:&quot;image&quot;,&quot;orderby&quot;:{&quot;post__in&quot;:&quot;ASC&quot;},&quot;posts_per_page&quot;:&quot;6&quot;},&quot;post_id&quot;:921,&quot;us_grid_index&quot;:1,&quot;us_grid_ajax_index&quot;:null,&quot;exclude_items&quot;:&quot;none&quot;,&quot;items_offset&quot;:&quot;1&quot;,&quot;items_layout&quot;:&quot;261&quot;,&quot;type&quot;:&quot;carousel&quot;,&quot;columns&quot;:&quot;1&quot;,&quot;img_size&quot;:&quot;default&quot;,&quot;overriding_link&quot;:&quot;none&quot;},&quot;carousel_settings&quot;:{&quot;items&quot;:&quot;1&quot;,&quot;nav&quot;:1,&quot;navNext&quot;:&quot;&quot;,&quot;navPrev&quot;:&quot;&quot;,&quot;dots&quot;:0,&quot;center&quot;:0,&quot;autoplay&quot;:1,&quot;smooth_play&quot;:0,&quot;timeout&quot;:5000,&quot;speed&quot;:250,&quot;transition&quot;:&quot;&quot;,&quot;autoHeight&quot;:0,&quot;slideby&quot;:&quot;1&quot;},&quot;carousel_breakpoints&quot;:{&quot;1200&quot;:{&quot;items&quot;:1},&quot;900&quot;:{&quot;items&quot;:&quot;1&quot;,&quot;autoplay&quot;:1,&quot;autoplayHoverPause&quot;:1,&quot;autoHeight&quot;:0},&quot;600&quot;:{&quot;items&quot;:&quot;1&quot;,&quot;autoplay&quot;:1,&quot;autoplayHoverPause&quot;:1,&quot;autoHeight&quot;:0},&quot;0&quot;:{&quot;items&quot;:1,&quot;autoplay&quot;:1,&quot;autoplayHoverPause&quot;:1,&quot;autoHeight&quot;:0}}}'><\/div>\r\n<\/div><div class=\"w-separator size_small\"><\/div><\/div><\/div><\/div><\/div><\/div><\/section><section class=\"l-section wpb_row us_custom_86b0c89d height_medium width_full\"><div class=\"l-section-h i-cf\"><div class=\"g-cols vc_row type_default valign_top\"><div class=\"vc_col-sm-6 wpb_column vc_column_container\"><div class=\"vc_column-inner us_custom_4916a5e1\"><div class=\"wpb_wrapper\"><div class=\"wpb_text_column us_custom_1e0e9307 textopublicacion\"><div class=\"wpb_wrapper\"><p>Su foco radica en la realizaci\u00f3n de un proyecto de creaci\u00f3n art\u00edstica, propuesto por el residente.\u00a0Este proyecto, es puesto en relaci\u00f3n con lineas de investigaci\u00f3n, equipos e infraestructura de la Facultad, a modo de que el proceso de generaci\u00f3n de obra y su resultado, forme parte de instancias docentes, de investigaci\u00f3n y de vinculaci\u00f3n con el medio. De esta manera, se busca que acad\u00e9micos y estudiantes de distintas carreras de la Universidad, puedan participar de procesos inter- y trans- disciplinarios, a trav\u00e9s del cuestionamiento de los l\u00edmites que tradicionalmente han separado las disciplinas.<\/p>\n<p>Adicionalmente, la residencia tambi\u00e9n considera la difusi\u00f3n del proyecto, a trav\u00e9s de instancias tales como workshops, cursos, aperturas de proceso y la presentaci\u00f3n del proyecto -o sus resultados- en exposiciones, ferias y festivales, a trav\u00e9s del desarrollo y la participaci\u00f3n en instancias p\u00fablicas organizadas por el N\u00facleo, en conjunto con el residente y con otros agentes culturales.<\/p>\n<\/div><\/div><\/div><\/div><\/div><div class=\"vc_col-sm-6 wpb_column vc_column_container\"><div class=\"vc_column-inner us_custom_7b996bff\"><div class=\"wpb_wrapper\"><div class=\"w-image align_none\"><div class=\"w-image-h\"><img loading=\"lazy\" decoding=\"async\" width=\"300\" height=\"102\" src=\"https:\/\/develop.nucleo-lc.org\/wp-content\/uploads\/2020\/06\/200430_NLC_300.jpg\" class=\"attachment-large size-large\" alt=\"\" \/><\/div><\/div><div class=\"w-separator size_medium\"><\/div><div class=\"wpb_text_column us_custom_5a7a5e48 has_text_color\"><div class=\"wpb_wrapper\"><p>2019<br \/>\n\u2014Mart\u00edn Gubbins<br \/>\n<a href=\"https:\/\/develop.nucleo-lc.org\/en\/caminos-australes\/\">SOUTHERN ROADS<\/a><\/p>\n<p>2020<br \/>\n\u2014Crist\u00f3bal Cea<br \/>\n<a href=\"https:\/\/develop.nucleo-lc.org\/en\/la-cosa-extendida\/\">LA COSA EXTENDIDA<\/a><\/p>\n<p>2021<br \/>\n\u2014The Tremendos (Mar\u00eda Aparicio + Werner Fett)<br \/>\n<a href=\"https:\/\/develop.nucleo-lc.org\/en\/chroma\/\">CHROMA<\/a><\/p>\n<\/div><\/div><\/div><\/div><\/div><\/div><\/div><\/section>\n<\/div>","protected":false},"excerpt":{"rendered":"","protected":false},"author":4,"featured_media":0,"parent":0,"menu_order":0,"comment_status":"closed","ping_status":"closed","template":"","meta":{"footnotes":""},"class_list":["post-921","page","type-page","status-publish","hentry"],"yoast_head":"<!-- This site is optimized with the Yoast SEO plugin v26.9 - https:\/\/yoast.com\/product\/yoast-seo-wordpress\/ -->\n<title>RESIDENCIA NLC - NLC<\/title>\n<meta name=\"robots\" content=\"index, follow, max-snippet:-1, max-image-preview:large, max-video-preview:-1\" \/>\n<link rel=\"canonical\" href=\"https:\/\/develop.nucleo-lc.org\/en\/residencia-nlc\/\" \/>\n<meta property=\"og:locale\" content=\"en_US\" \/>\n<meta property=\"og:type\" content=\"article\" \/>\n<meta property=\"og:title\" content=\"RESIDENCIA NLC - NLC\" \/>\n<meta property=\"og:url\" content=\"https:\/\/develop.nucleo-lc.org\/en\/residencia-nlc\/\" \/>\n<meta property=\"og:site_name\" content=\"NLC\" \/>\n<meta property=\"article:modified_time\" content=\"2021-02-05T20:16:07+00:00\" \/>\n<meta name=\"twitter:card\" content=\"summary_large_image\" \/>\n<meta name=\"twitter:label1\" content=\"Est. reading time\" \/>\n\t<meta name=\"twitter:data1\" content=\"6 minutes\" \/>\n<script type=\"application\/ld+json\" class=\"yoast-schema-graph\">{\"@context\":\"https:\/\/schema.org\",\"@graph\":[{\"@type\":\"WebPage\",\"@id\":\"https:\/\/develop.nucleo-lc.org\/residencia-nlc\/\",\"url\":\"https:\/\/develop.nucleo-lc.org\/residencia-nlc\/\",\"name\":\"RESIDENCIA NLC - NLC\",\"isPartOf\":{\"@id\":\"https:\/\/develop.nucleo-lc.org\/#website\"},\"datePublished\":\"2020-05-19T16:01:37+00:00\",\"dateModified\":\"2021-02-05T20:16:07+00:00\",\"breadcrumb\":{\"@id\":\"https:\/\/develop.nucleo-lc.org\/residencia-nlc\/#breadcrumb\"},\"inLanguage\":\"en-US\",\"potentialAction\":[{\"@type\":\"ReadAction\",\"target\":[\"https:\/\/develop.nucleo-lc.org\/residencia-nlc\/\"]}]},{\"@type\":\"BreadcrumbList\",\"@id\":\"https:\/\/develop.nucleo-lc.org\/residencia-nlc\/#breadcrumb\",\"itemListElement\":[{\"@type\":\"ListItem\",\"position\":1,\"name\":\"Portada\",\"item\":\"https:\/\/develop.nucleo-lc.org\/\"},{\"@type\":\"ListItem\",\"position\":2,\"name\":\"RESIDENCIA NLC\"}]},{\"@type\":\"WebSite\",\"@id\":\"https:\/\/develop.nucleo-lc.org\/#website\",\"url\":\"https:\/\/develop.nucleo-lc.org\/\",\"name\":\"NLC\",\"description\":\"N\u00daCLEO LENGUAJE CREACI\u00d3N\",\"potentialAction\":[{\"@type\":\"SearchAction\",\"target\":{\"@type\":\"EntryPoint\",\"urlTemplate\":\"https:\/\/develop.nucleo-lc.org\/?s={search_term_string}\"},\"query-input\":{\"@type\":\"PropertyValueSpecification\",\"valueRequired\":true,\"valueName\":\"search_term_string\"}}],\"inLanguage\":\"en-US\"}]}<\/script>\n<!-- \/ Yoast SEO plugin. -->","yoast_head_json":{"title":"RESIDENCIA NLC - NLC","robots":{"index":"index","follow":"follow","max-snippet":"max-snippet:-1","max-image-preview":"max-image-preview:large","max-video-preview":"max-video-preview:-1"},"canonical":"https:\/\/develop.nucleo-lc.org\/en\/residencia-nlc\/","og_locale":"en_US","og_type":"article","og_title":"RESIDENCIA NLC - NLC","og_url":"https:\/\/develop.nucleo-lc.org\/en\/residencia-nlc\/","og_site_name":"NLC","article_modified_time":"2021-02-05T20:16:07+00:00","twitter_card":"summary_large_image","twitter_misc":{"Est. reading time":"6 minutes"},"schema":{"@context":"https:\/\/schema.org","@graph":[{"@type":"WebPage","@id":"https:\/\/develop.nucleo-lc.org\/residencia-nlc\/","url":"https:\/\/develop.nucleo-lc.org\/residencia-nlc\/","name":"RESIDENCIA NLC - NLC","isPartOf":{"@id":"https:\/\/develop.nucleo-lc.org\/#website"},"datePublished":"2020-05-19T16:01:37+00:00","dateModified":"2021-02-05T20:16:07+00:00","breadcrumb":{"@id":"https:\/\/develop.nucleo-lc.org\/residencia-nlc\/#breadcrumb"},"inLanguage":"en-US","potentialAction":[{"@type":"ReadAction","target":["https:\/\/develop.nucleo-lc.org\/residencia-nlc\/"]}]},{"@type":"BreadcrumbList","@id":"https:\/\/develop.nucleo-lc.org\/residencia-nlc\/#breadcrumb","itemListElement":[{"@type":"ListItem","position":1,"name":"Portada","item":"https:\/\/develop.nucleo-lc.org\/"},{"@type":"ListItem","position":2,"name":"RESIDENCIA NLC"}]},{"@type":"WebSite","@id":"https:\/\/develop.nucleo-lc.org\/#website","url":"https:\/\/develop.nucleo-lc.org\/","name":"NLC","description":"N\u00daCLEO LENGUAJE CREACI\u00d3N","potentialAction":[{"@type":"SearchAction","target":{"@type":"EntryPoint","urlTemplate":"https:\/\/develop.nucleo-lc.org\/?s={search_term_string}"},"query-input":{"@type":"PropertyValueSpecification","valueRequired":true,"valueName":"search_term_string"}}],"inLanguage":"en-US"}]}},"_links":{"self":[{"href":"https:\/\/develop.nucleo-lc.org\/en\/wp-json\/wp\/v2\/pages\/921","targetHints":{"allow":["GET"]}}],"collection":[{"href":"https:\/\/develop.nucleo-lc.org\/en\/wp-json\/wp\/v2\/pages"}],"about":[{"href":"https:\/\/develop.nucleo-lc.org\/en\/wp-json\/wp\/v2\/types\/page"}],"author":[{"embeddable":true,"href":"https:\/\/develop.nucleo-lc.org\/en\/wp-json\/wp\/v2\/users\/4"}],"replies":[{"embeddable":true,"href":"https:\/\/develop.nucleo-lc.org\/en\/wp-json\/wp\/v2\/comments?post=921"}],"version-history":[{"count":39,"href":"https:\/\/develop.nucleo-lc.org\/en\/wp-json\/wp\/v2\/pages\/921\/revisions"}],"predecessor-version":[{"id":3446,"href":"https:\/\/develop.nucleo-lc.org\/en\/wp-json\/wp\/v2\/pages\/921\/revisions\/3446"}],"wp:attachment":[{"href":"https:\/\/develop.nucleo-lc.org\/en\/wp-json\/wp\/v2\/media?parent=921"}],"curies":[{"name":"wp","href":"https:\/\/api.w.org\/{rel}","templated":true}]}}